{"id":739,"date":"2018-05-05T12:04:13","date_gmt":"2018-05-05T12:04:13","guid":{"rendered":"http:\/\/km.com.hr\/?page_id=739"},"modified":"2022-01-10T13:20:50","modified_gmt":"2022-01-10T13:20:50","slug":"uvod-u-kvantitativne-metode","status":"publish","type":"page","link":"https:\/\/km.com.hr\/?page_id=739","title":{"rendered":"Uvod u Kvantitativne metode"},"content":{"rendered":"\n<figure class=\"wp-block-embed is-type-video is-provider-youtube wp-block-embed-youtube wp-embed-aspect-16-9 wp-has-aspect-ratio\"><div class=\"wp-block-embed__wrapper\">\n<iframe loading=\"lazy\" title=\"Uvod u Kvantitativne metode\" width=\"640\" height=\"360\" src=\"https:\/\/www.youtube.com\/embed\/L5gNNDwIg14?feature=oembed\" frameborder=\"0\" allow=\"accelerometer; autoplay; clipboard-write; encrypted-media; gyroscope; picture-in-picture\" allowfullscreen><\/iframe>\n<\/div><\/figure>\n\n\n\n<p>Predmet Kvantitativne metode obvezni je predmet koji se predaje u fondu od 90 sati (45 sati predavanja i a 45 vje\u017ebi) u 2. semestru 1. godine sveu\u010dili\u0161nog studija kineziologije na Kineziolo\u0161kom fakultetu Sveu\u010dili\u0161ta u Zagrebu.<\/p>\n\n\n\n<p>Na predmetu Kvantitativne metode studenti u\u010de i usvajaju teorijska i prakti\u010dna znanja o metodama za statisti\u010dko-grafi\u010dku obradu podataka prikupljenih nekim postupkom mjerenja te o primjeni, konstrukciji i validaciji mjernih instrumenata koji se koriste za procjenu raznih fenomena u podru\u010dju kineziologije.<\/p>\n\n\n\n<p>Utvr\u0111ivanje zakonitosti po kojima se odvijaju prirodne i dru\u0161tvene pojave osnovni je cilj znanstvenih istra\u017eivanja, a za ostvarenje tog cilja znanstvenici se koriste odgovaraju\u0107im postupcima, odnosno znanstvenim metodama pomo\u0107u kojih se prikupljaju i obra\u0111uju podaci o istra\u017eivanom problemu, odnosno, pomo\u0107u kojih se testiraju odgovaraju\u0107e hipoteza te formuliraju zakonitosti. Skup svih postupaka pomo\u0107u kojih se provode znanstvena istra\u017eivanja, odnosno rje\u0161avaju znanstveni problemi u odre\u0111enom podru\u010dju, \u010dini metodologiju znanstveno istra\u017eiva\u010dkog rada. Tako i kineziologija kao znanost ima svoju specifi\u010dnu metodologiju koja se naziva kineziolo\u0161ka metodologija.<\/p>\n\n\n\n<p>Kineziolo\u0161ka metodologija predstavlja skup me\u0111usobno povezanih disciplina koje prou\u010davaju principe i postupke mjerenja, odnosno prikupljanja i obrade podataka prikupljenih mjerenjem kao i upotrebu elektroni\u010dkih ra\u010dunala u rje\u0161avanju tipi\u010dnih kineziolo\u0161kih problema, a to su:<\/p>\n\n\n\n<ul><li><strong>kineziometrija<\/strong>&nbsp;\u2013 prou\u010dava probleme mjerenja, odnosno, konstrukcije i validaciju mjernih instrumenata za procjenu kineziolo\u0161kih fenomena<\/li><li><strong>kineziolo\u0161ka statistika<\/strong>&nbsp;\u2013 prou\u010dava metode za transformaciju prikupljenih podataka u oblik koji omogu\u0107ava njihovo jasnije prikazivanje i interpretaciju i za testiranje postavljenih hipoteza<\/li><li><strong>kineziolo\u0161ka informatika<\/strong>&nbsp;\u2013 prou\u010dava mogu\u0107nosti primjene elektroni\u010dkih ra\u010dunala za analizu podataka u kineziolo\u0161kim istra\u017eivanjima kao i u ostalim podru\u010djima primijenjene kineziologije.<\/li><\/ul>\n\n\n\n<p>Upravo se te discipline na sveu\u010dili\u0161nom studija kineziologije na Kineziolo\u0161kom fakultetu Sveu\u010dili\u0161ta u Zagrebu pou\u010davaju u okviru predmeta Kvantitativne metode.<\/p>\n\n\n\n<p>Dakle, osnovni je cilj predmeta Kvantitativne metode upoznati studente s metodama za analizu podataka i to osnovnim statisti\u010dkim i multivarijatnim metodama, zatim teorijom mjerenja, odnosno kineziometrijom koja se bavi problemima mjerenja u podru\u010dju kineziologije te primjenom aplikacija koje se koriste za statisti\u010dko-grafi\u010dku obradu podataka u podru\u010dju kineziologije.<\/p>\n<div class=\"pvc_clear\"><\/div><p class=\"pvc_stats all \" data-element-id=\"739\" style=\"\"><i class=\"pvc-stats-icon medium\" aria-hidden=\"true\"><svg aria-hidden=\"true\" focusable=\"false\" data-prefix=\"far\" data-icon=\"chart-bar\" role=\"img\" xmlns=\"http:\/\/www.w3.org\/2000\/svg\" viewBox=\"0 0 512 512\" class=\"svg-inline--fa fa-chart-bar fa-w-16 fa-2x\"><path fill=\"currentColor\" d=\"M396.8 352h22.4c6.4 0 12.8-6.4 12.8-12.8V108.8c0-6.4-6.4-12.8-12.8-12.8h-22.4c-6.4 0-12.8 6.4-12.8 12.8v230.4c0 6.4 6.4 12.8 12.8 12.8zm-192 0h22.4c6.4 0 12.8-6.4 12.8-12.8V140.8c0-6.4-6.4-12.8-12.8-12.8h-22.4c-6.4 0-12.8 6.4-12.8 12.8v198.4c0 6.4 6.4 12.8 12.8 12.8zm96 0h22.4c6.4 0 12.8-6.4 12.8-12.8V204.8c0-6.4-6.4-12.8-12.8-12.8h-22.4c-6.4 0-12.8 6.4-12.8 12.8v134.4c0 6.4 6.4 12.8 12.8 12.8zM496 400H48V80c0-8.84-7.16-16-16-16H16C7.16 64 0 71.16 0 80v336c0 17.67 14.33 32 32 32h464c8.84 0 16-7.16 16-16v-16c0-8.84-7.16-16-16-16zm-387.2-48h22.4c6.4 0 12.8-6.4 12.8-12.8v-70.4c0-6.4-6.4-12.8-12.8-12.8h-22.4c-6.4 0-12.8 6.4-12.8 12.8v70.4c0 6.4 6.4 12.8 12.8 12.8z\" class=\"\"><\/path><\/svg><\/i> &nbsp;6,887&nbsp;total views, &nbsp;3&nbsp;views today<\/p><div class=\"pvc_clear\"><\/div>","protected":false},"excerpt":{"rendered":"<p>Predmet Kvantitativne metode obvezni je predmet koji se predaje u fondu od 90 sati (45 sati predavanja i a 45 vje\u017ebi) u 2. semestru 1. godine sveu\u010dili\u0161nog studija kineziologije na Kineziolo\u0161kom fakultetu Sveu\u010dili\u0161ta u Zagrebu. Na predmetu Kvantitativne metode studenti u\u010de i usvajaju teorijska i prakti\u010dna znanja o metodama za [&hellip;]<\/p>\n<div class=\"pvc_clear\"><\/div>\n<p class=\"pvc_stats all \" data-element-id=\"739\" style=\"\"><i class=\"pvc-stats-icon medium\" aria-hidden=\"true\"><svg aria-hidden=\"true\" focusable=\"false\" data-prefix=\"far\" data-icon=\"chart-bar\" role=\"img\" xmlns=\"http:\/\/www.w3.org\/2000\/svg\" viewBox=\"0 0 512 512\" class=\"svg-inline--fa fa-chart-bar fa-w-16 fa-2x\"><path fill=\"currentColor\" d=\"M396.8 352h22.4c6.4 0 12.8-6.4 12.8-12.8V108.8c0-6.4-6.4-12.8-12.8-12.8h-22.4c-6.4 0-12.8 6.4-12.8 12.8v230.4c0 6.4 6.4 12.8 12.8 12.8zm-192 0h22.4c6.4 0 12.8-6.4 12.8-12.8V140.8c0-6.4-6.4-12.8-12.8-12.8h-22.4c-6.4 0-12.8 6.4-12.8 12.8v198.4c0 6.4 6.4 12.8 12.8 12.8zm96 0h22.4c6.4 0 12.8-6.4 12.8-12.8V204.8c0-6.4-6.4-12.8-12.8-12.8h-22.4c-6.4 0-12.8 6.4-12.8 12.8v134.4c0 6.4 6.4 12.8 12.8 12.8zM496 400H48V80c0-8.84-7.16-16-16-16H16C7.16 64 0 71.16 0 80v336c0 17.67 14.33 32 32 32h464c8.84 0 16-7.16 16-16v-16c0-8.84-7.16-16-16-16zm-387.2-48h22.4c6.4 0 12.8-6.4 12.8-12.8v-70.4c0-6.4-6.4-12.8-12.8-12.8h-22.4c-6.4 0-12.8 6.4-12.8 12.8v70.4c0 6.4 6.4 12.8 12.8 12.8z\" class=\"\"><\/path><\/svg><\/i> &nbsp;6,887&nbsp;total views, &nbsp;3&nbsp;views today<\/p>\n<div class=\"pvc_clear\"><\/div>\n","protected":false},"author":1,"featured_media":829,"parent":968,"menu_order":0,"comment_status":"closed","ping_status":"closed","template":"","meta":[],"_links":{"self":[{"href":"https:\/\/km.com.hr\/index.php?rest_route=\/wp\/v2\/pages\/739"}],"collection":[{"href":"https:\/\/km.com.hr\/index.php?rest_route=\/wp\/v2\/pages"}],"about":[{"href":"https:\/\/km.com.hr\/index.php?rest_route=\/wp\/v2\/types\/page"}],"author":[{"embeddable":true,"href":"https:\/\/km.com.hr\/index.php?rest_route=\/wp\/v2\/users\/1"}],"replies":[{"embeddable":true,"href":"https:\/\/km.com.hr\/index.php?rest_route=%2Fwp%2Fv2%2Fcomments&post=739"}],"version-history":[{"count":22,"href":"https:\/\/km.com.hr\/index.php?rest_route=\/wp\/v2\/pages\/739\/revisions"}],"predecessor-version":[{"id":3288,"href":"https:\/\/km.com.hr\/index.php?rest_route=\/wp\/v2\/pages\/739\/revisions\/3288"}],"up":[{"embeddable":true,"href":"https:\/\/km.com.hr\/index.php?rest_route=\/wp\/v2\/pages\/968"}],"wp:featuredmedia":[{"embeddable":true,"href":"https:\/\/km.com.hr\/index.php?rest_route=\/wp\/v2\/media\/829"}],"wp:attachment":[{"href":"https:\/\/km.com.hr\/index.php?rest_route=%2Fwp%2Fv2%2Fmedia&parent=739"}],"curies":[{"name":"wp","href":"https:\/\/api.w.org\/{rel}","templated":true}]}}