{"id":3080,"date":"2021-02-01T10:46:03","date_gmt":"2021-02-01T10:46:03","guid":{"rendered":"http:\/\/km.com.hr\/?page_id=3080"},"modified":"2021-02-01T10:46:23","modified_gmt":"2021-02-01T10:46:23","slug":"konstrukcija-i-vrste-mjernih-instrumenata","status":"publish","type":"page","link":"https:\/\/km.com.hr\/?page_id=3080","title":{"rendered":"Konstrukcija i vrste mjernih instrumenata"},"content":{"rendered":"\n<h2>Sadr\u017eaj teme<\/h2>\n\n\n\n<ul><li>mjerni instrument ili test<\/li><li>vrste mjernih instrumenata<\/li><li>testovi tipa &#8220;papir-olovka&#8221;<\/li><li>testovi tipa &#8220;aparatura za mjerenje&#8221;<\/li><li>testovi tipa &#8220;primjena motori\u010dkog zadatka&#8221;<\/li><li>testovi tipa &#8220;subjektivna procjena mjeritelja&#8221;<\/li><li>faze konstrukcije mjernog instrumenta<\/li><li>definiranje predmeta mjerenja<\/li><li>odabir odgovaraju\u0107eg tipa mjernog instrumenta<\/li><li>izbor podra\u017eajnih situacija<\/li><li>standardizacija mjernog postupka<\/li><li>utvr\u0111ivanje metrijskih karakteristika<\/li><\/ul>\n\n\n\n<h2>Literatura<\/h2>\n\n\n\n<ul><li><a href=\"https:\/\/km.com.hr\/wp-content\/uploads\/2020\/10\/Osnove-statistike-i-kineziometrije.pdf#page=64\"><strong><span class=\"has-inline-color has-vivid-cyan-blue-color\">Osnove statistike i kineziometrije \u2013 priru\u010dnik za sportske trenere, str. 63 \u2013 68.<\/span><\/strong><\/a><\/li><\/ul>\n<div class=\"pvc_clear\"><\/div><p class=\"pvc_stats all \" data-element-id=\"3080\" style=\"\"><i class=\"pvc-stats-icon medium\" aria-hidden=\"true\"><svg aria-hidden=\"true\" focusable=\"false\" data-prefix=\"far\" data-icon=\"chart-bar\" role=\"img\" xmlns=\"http:\/\/www.w3.org\/2000\/svg\" viewBox=\"0 0 512 512\" class=\"svg-inline--fa fa-chart-bar fa-w-16 fa-2x\"><path fill=\"currentColor\" d=\"M396.8 352h22.4c6.4 0 12.8-6.4 12.8-12.8V108.8c0-6.4-6.4-12.8-12.8-12.8h-22.4c-6.4 0-12.8 6.4-12.8 12.8v230.4c0 6.4 6.4 12.8 12.8 12.8zm-192 0h22.4c6.4 0 12.8-6.4 12.8-12.8V140.8c0-6.4-6.4-12.8-12.8-12.8h-22.4c-6.4 0-12.8 6.4-12.8 12.8v198.4c0 6.4 6.4 12.8 12.8 12.8zm96 0h22.4c6.4 0 12.8-6.4 12.8-12.8V204.8c0-6.4-6.4-12.8-12.8-12.8h-22.4c-6.4 0-12.8 6.4-12.8 12.8v134.4c0 6.4 6.4 12.8 12.8 12.8zM496 400H48V80c0-8.84-7.16-16-16-16H16C7.16 64 0 71.16 0 80v336c0 17.67 14.33 32 32 32h464c8.84 0 16-7.16 16-16v-16c0-8.84-7.16-16-16-16zm-387.2-48h22.4c6.4 0 12.8-6.4 12.8-12.8v-70.4c0-6.4-6.4-12.8-12.8-12.8h-22.4c-6.4 0-12.8 6.4-12.8 12.8v70.4c0 6.4 6.4 12.8 12.8 12.8z\" class=\"\"><\/path><\/svg><\/i> &nbsp;1,387&nbsp;total views, &nbsp;3&nbsp;views today<\/p><div class=\"pvc_clear\"><\/div>","protected":false},"excerpt":{"rendered":"<p>Sadr\u017eaj teme mjerni instrument ili test vrste mjernih instrumenata testovi tipa &#8220;papir-olovka&#8221; testovi tipa &#8220;aparatura za mjerenje&#8221; testovi tipa &#8220;primjena motori\u010dkog zadatka&#8221; testovi tipa &#8220;subjektivna procjena mjeritelja&#8221; faze konstrukcije mjernog instrumenta definiranje predmeta mjerenja odabir odgovaraju\u0107eg tipa mjernog instrumenta izbor podra\u017eajnih situacija standardizacija mjernog postupka utvr\u0111ivanje metrijskih karakteristika Literatura Osnove [&hellip;]<\/p>\n<div class=\"pvc_clear\"><\/div>\n<p class=\"pvc_stats all \" data-element-id=\"3080\" style=\"\"><i class=\"pvc-stats-icon medium\" aria-hidden=\"true\"><svg aria-hidden=\"true\" focusable=\"false\" data-prefix=\"far\" data-icon=\"chart-bar\" role=\"img\" xmlns=\"http:\/\/www.w3.org\/2000\/svg\" viewBox=\"0 0 512 512\" class=\"svg-inline--fa fa-chart-bar fa-w-16 fa-2x\"><path fill=\"currentColor\" d=\"M396.8 352h22.4c6.4 0 12.8-6.4 12.8-12.8V108.8c0-6.4-6.4-12.8-12.8-12.8h-22.4c-6.4 0-12.8 6.4-12.8 12.8v230.4c0 6.4 6.4 12.8 12.8 12.8zm-192 0h22.4c6.4 0 12.8-6.4 12.8-12.8V140.8c0-6.4-6.4-12.8-12.8-12.8h-22.4c-6.4 0-12.8 6.4-12.8 12.8v198.4c0 6.4 6.4 12.8 12.8 12.8zm96 0h22.4c6.4 0 12.8-6.4 12.8-12.8V204.8c0-6.4-6.4-12.8-12.8-12.8h-22.4c-6.4 0-12.8 6.4-12.8 12.8v134.4c0 6.4 6.4 12.8 12.8 12.8zM496 400H48V80c0-8.84-7.16-16-16-16H16C7.16 64 0 71.16 0 80v336c0 17.67 14.33 32 32 32h464c8.84 0 16-7.16 16-16v-16c0-8.84-7.16-16-16-16zm-387.2-48h22.4c6.4 0 12.8-6.4 12.8-12.8v-70.4c0-6.4-6.4-12.8-12.8-12.8h-22.4c-6.4 0-12.8 6.4-12.8 12.8v70.4c0 6.4 6.4 12.8 12.8 12.8z\" class=\"\"><\/path><\/svg><\/i> &nbsp;1,387&nbsp;total views, &nbsp;3&nbsp;views today<\/p>\n<div class=\"pvc_clear\"><\/div>\n","protected":false},"author":1,"featured_media":0,"parent":0,"menu_order":0,"comment_status":"closed","ping_status":"closed","template":"","meta":[],"_links":{"self":[{"href":"https:\/\/km.com.hr\/index.php?rest_route=\/wp\/v2\/pages\/3080"}],"collection":[{"href":"https:\/\/km.com.hr\/index.php?rest_route=\/wp\/v2\/pages"}],"about":[{"href":"https:\/\/km.com.hr\/index.php?rest_route=\/wp\/v2\/types\/page"}],"author":[{"embeddable":true,"href":"https:\/\/km.com.hr\/index.php?rest_route=\/wp\/v2\/users\/1"}],"replies":[{"embeddable":true,"href":"https:\/\/km.com.hr\/index.php?rest_route=%2Fwp%2Fv2%2Fcomments&post=3080"}],"version-history":[{"count":2,"href":"https:\/\/km.com.hr\/index.php?rest_route=\/wp\/v2\/pages\/3080\/revisions"}],"predecessor-version":[{"id":3082,"href":"https:\/\/km.com.hr\/index.php?rest_route=\/wp\/v2\/pages\/3080\/revisions\/3082"}],"wp:attachment":[{"href":"https:\/\/km.com.hr\/index.php?rest_route=%2Fwp%2Fv2%2Fmedia&parent=3080"}],"curies":[{"name":"wp","href":"https:\/\/api.w.org\/{rel}","templated":true}]}}