{"id":3071,"date":"2021-02-01T10:39:04","date_gmt":"2021-02-01T10:39:04","guid":{"rendered":"http:\/\/km.com.hr\/?page_id=3071"},"modified":"2021-02-01T10:42:26","modified_gmt":"2021-02-01T10:42:26","slug":"metrijska-karakteristike","status":"publish","type":"page","link":"https:\/\/km.com.hr\/?page_id=3071","title":{"rendered":"Metrijske karakteristike"},"content":{"rendered":"\n<h2>Sadr\u017eaj teme<\/h2>\n\n\n\n<p><strong>Pouzdanost<\/strong><\/p>\n\n\n\n<ul><li>test-retest metoda<\/li><li>metoda tau-ekvivalentnih testova<\/li><li>metoda interne konzistencije<ul><li>Cronbachov koeficijent<\/li><li>Spearman-Brownov koeficijent<\/li><\/ul><\/li><\/ul>\n\n\n\n<p><strong>Objektivnost<\/strong><\/p>\n\n\n\n<ul><li><strong>koeficijent objektivnosti<\/strong><\/li><li>na\u010din utvr\u0111ivanja objektivnosti kompozitnih mjernih instrumenata<\/li><\/ul>\n\n\n\n<p><strong>Homogenost<\/strong><\/p>\n\n\n\n<ul><li>koeficijent homogenosti<\/li><li>prosje\u010dna&nbsp;korelacija&nbsp;me\u0111u \u010desticama<\/li><\/ul>\n\n\n\n<p><strong>Osjetljivost<\/strong><\/p>\n\n\n\n<ul><li>procjena osjetljivosti mjernog instrumenta putem mjera varijabilnosti<\/li><li>procjena osjetljivosti mjernog instrumenta putem obilje\u017eja distribucije rezultata<\/li><\/ul>\n\n\n\n<p><strong>Valjanost<\/strong><\/p>\n\n\n\n<ul><li>dijagnosti\u010dka valjanost<ul><li>apriorna<\/li><li>faktorska<\/li><\/ul><\/li><li>prognosti\u010dka valjanost<\/li><\/ul>\n\n\n\n<h2>Literatura<\/h2>\n\n\n\n<p><strong><a href=\"https:\/\/km.com.hr\/wp-content\/uploads\/2020\/10\/Osnove-statistike-i-kineziometrije.pdf#page=70\">Osnove statistike i kineziometrije \u2013 priru\u010dnik za sportske trenere, str. 69 \u2013 72.<\/a><\/strong><\/p>\n<div class=\"pvc_clear\"><\/div><p class=\"pvc_stats all \" data-element-id=\"3071\" style=\"\"><i class=\"pvc-stats-icon medium\" aria-hidden=\"true\"><svg aria-hidden=\"true\" focusable=\"false\" data-prefix=\"far\" data-icon=\"chart-bar\" role=\"img\" xmlns=\"http:\/\/www.w3.org\/2000\/svg\" viewBox=\"0 0 512 512\" class=\"svg-inline--fa fa-chart-bar fa-w-16 fa-2x\"><path fill=\"currentColor\" d=\"M396.8 352h22.4c6.4 0 12.8-6.4 12.8-12.8V108.8c0-6.4-6.4-12.8-12.8-12.8h-22.4c-6.4 0-12.8 6.4-12.8 12.8v230.4c0 6.4 6.4 12.8 12.8 12.8zm-192 0h22.4c6.4 0 12.8-6.4 12.8-12.8V140.8c0-6.4-6.4-12.8-12.8-12.8h-22.4c-6.4 0-12.8 6.4-12.8 12.8v198.4c0 6.4 6.4 12.8 12.8 12.8zm96 0h22.4c6.4 0 12.8-6.4 12.8-12.8V204.8c0-6.4-6.4-12.8-12.8-12.8h-22.4c-6.4 0-12.8 6.4-12.8 12.8v134.4c0 6.4 6.4 12.8 12.8 12.8zM496 400H48V80c0-8.84-7.16-16-16-16H16C7.16 64 0 71.16 0 80v336c0 17.67 14.33 32 32 32h464c8.84 0 16-7.16 16-16v-16c0-8.84-7.16-16-16-16zm-387.2-48h22.4c6.4 0 12.8-6.4 12.8-12.8v-70.4c0-6.4-6.4-12.8-12.8-12.8h-22.4c-6.4 0-12.8 6.4-12.8 12.8v70.4c0 6.4 6.4 12.8 12.8 12.8z\" class=\"\"><\/path><\/svg><\/i> &nbsp;2,017&nbsp;total views, &nbsp;2&nbsp;views today<\/p><div class=\"pvc_clear\"><\/div>","protected":false},"excerpt":{"rendered":"<p>Sadr\u017eaj teme Pouzdanost test-retest metoda metoda tau-ekvivalentnih testova metoda interne konzistencije Cronbachov koeficijent Spearman-Brownov koeficijent Objektivnost koeficijent objektivnosti na\u010din utvr\u0111ivanja objektivnosti kompozitnih mjernih instrumenata Homogenost koeficijent homogenosti prosje\u010dna&nbsp;korelacija&nbsp;me\u0111u \u010desticama Osjetljivost procjena osjetljivosti mjernog instrumenta putem mjera varijabilnosti procjena osjetljivosti mjernog instrumenta putem obilje\u017eja distribucije rezultata Valjanost dijagnosti\u010dka valjanost apriorna faktorska [&hellip;]<\/p>\n<div class=\"pvc_clear\"><\/div>\n<p class=\"pvc_stats all \" data-element-id=\"3071\" style=\"\"><i class=\"pvc-stats-icon medium\" aria-hidden=\"true\"><svg aria-hidden=\"true\" focusable=\"false\" data-prefix=\"far\" data-icon=\"chart-bar\" role=\"img\" xmlns=\"http:\/\/www.w3.org\/2000\/svg\" viewBox=\"0 0 512 512\" class=\"svg-inline--fa fa-chart-bar fa-w-16 fa-2x\"><path fill=\"currentColor\" d=\"M396.8 352h22.4c6.4 0 12.8-6.4 12.8-12.8V108.8c0-6.4-6.4-12.8-12.8-12.8h-22.4c-6.4 0-12.8 6.4-12.8 12.8v230.4c0 6.4 6.4 12.8 12.8 12.8zm-192 0h22.4c6.4 0 12.8-6.4 12.8-12.8V140.8c0-6.4-6.4-12.8-12.8-12.8h-22.4c-6.4 0-12.8 6.4-12.8 12.8v198.4c0 6.4 6.4 12.8 12.8 12.8zm96 0h22.4c6.4 0 12.8-6.4 12.8-12.8V204.8c0-6.4-6.4-12.8-12.8-12.8h-22.4c-6.4 0-12.8 6.4-12.8 12.8v134.4c0 6.4 6.4 12.8 12.8 12.8zM496 400H48V80c0-8.84-7.16-16-16-16H16C7.16 64 0 71.16 0 80v336c0 17.67 14.33 32 32 32h464c8.84 0 16-7.16 16-16v-16c0-8.84-7.16-16-16-16zm-387.2-48h22.4c6.4 0 12.8-6.4 12.8-12.8v-70.4c0-6.4-6.4-12.8-12.8-12.8h-22.4c-6.4 0-12.8 6.4-12.8 12.8v70.4c0 6.4 6.4 12.8 12.8 12.8z\" class=\"\"><\/path><\/svg><\/i> &nbsp;2,017&nbsp;total views, &nbsp;2&nbsp;views today<\/p>\n<div class=\"pvc_clear\"><\/div>\n","protected":false},"author":1,"featured_media":0,"parent":0,"menu_order":0,"comment_status":"closed","ping_status":"closed","template":"","meta":[],"_links":{"self":[{"href":"https:\/\/km.com.hr\/index.php?rest_route=\/wp\/v2\/pages\/3071"}],"collection":[{"href":"https:\/\/km.com.hr\/index.php?rest_route=\/wp\/v2\/pages"}],"about":[{"href":"https:\/\/km.com.hr\/index.php?rest_route=\/wp\/v2\/types\/page"}],"author":[{"embeddable":true,"href":"https:\/\/km.com.hr\/index.php?rest_route=\/wp\/v2\/users\/1"}],"replies":[{"embeddable":true,"href":"https:\/\/km.com.hr\/index.php?rest_route=%2Fwp%2Fv2%2Fcomments&post=3071"}],"version-history":[{"count":4,"href":"https:\/\/km.com.hr\/index.php?rest_route=\/wp\/v2\/pages\/3071\/revisions"}],"predecessor-version":[{"id":3075,"href":"https:\/\/km.com.hr\/index.php?rest_route=\/wp\/v2\/pages\/3071\/revisions\/3075"}],"wp:attachment":[{"href":"https:\/\/km.com.hr\/index.php?rest_route=%2Fwp%2Fv2%2Fmedia&parent=3071"}],"curies":[{"name":"wp","href":"https:\/\/api.w.org\/{rel}","templated":true}]}}