{"id":3014,"date":"2020-11-23T16:49:48","date_gmt":"2020-11-23T16:49:48","guid":{"rendered":"http:\/\/km.com.hr\/?page_id=3014"},"modified":"2020-11-23T16:53:34","modified_gmt":"2020-11-23T16:53:34","slug":"procjena-aritmeticke-sredine-populacije","status":"publish","type":"page","link":"https:\/\/km.com.hr\/?page_id=3014","title":{"rendered":"Procjena aritmeti\u010dke sredine populacije"},"content":{"rendered":"\n<figure class=\"wp-block-embed-youtube wp-block-embed is-type-video is-provider-youtube wp-embed-aspect-16-9 wp-has-aspect-ratio\"><div class=\"wp-block-embed__wrapper\">\n<iframe loading=\"lazy\" title=\"Procjena aritmeti\u010dke sredine populacije\" width=\"640\" height=\"360\" src=\"https:\/\/www.youtube.com\/embed\/48xmuIyB6kM?feature=oembed\" frameborder=\"0\" allow=\"accelerometer; autoplay; clipboard-write; encrypted-media; gyroscope; picture-in-picture\" allowfullscreen><\/iframe>\n<\/div><\/figure>\n\n\n\n<h2>Sadr\u017eaj teme<\/h2>\n\n\n\n<ul id=\"yui_3_17_2_1_1606150082242_1655\"><li>deskriptivna statistika<\/li><li>inferencijalna statistika<\/li><li>zaklju\u010divanje s uzorka entiteta na populaciju entiteta<\/li><li>reprezentativnost uzorka entiteta<\/li><li>obilje\u017eja varijable aritmeti\u010dkih sredina slu\u010dajnih uzoraka entiteta<\/li><li>standardna pogre\u0161ka aritmeti\u010dke sredine<\/li><li>utjecaj veli\u010dine uzorka na standardnu pogre\u0161ku aritmeti\u010dke sredine<\/li><li>utjecaj varijabilnosti obilje\u017eja na standardnu pogre\u0161ku aritmeti\u010dke sredine<\/li><li>izra\u010dunavanje intervala u kojem se nalazi aritmeti\u010dka sredina populacije<\/li><li>pogre\u0161ka statisti\u010dkog zaklju\u010dka<\/li><\/ul>\n\n\n\n<h2>Literatura<\/h2>\n\n\n\n<ul><li><a href=\"https:\/\/km.com.hr\/wp-content\/uploads\/2020\/10\/Osnove-statistike-i-kineziometrije.pdf#page=41\"><strong><span class=\"has-inline-color has-vivid-cyan-blue-color\">Osnove statistike i kineziometrije \u2013 priru\u010dnik za sportske trenere, str. 40-47.<\/span><\/strong><\/a><\/li><\/ul>\n\n\n\n<p><\/p>\n<div class=\"pvc_clear\"><\/div><p class=\"pvc_stats all \" data-element-id=\"3014\" style=\"\"><i class=\"pvc-stats-icon medium\" aria-hidden=\"true\"><svg aria-hidden=\"true\" focusable=\"false\" data-prefix=\"far\" data-icon=\"chart-bar\" role=\"img\" xmlns=\"http:\/\/www.w3.org\/2000\/svg\" viewBox=\"0 0 512 512\" class=\"svg-inline--fa fa-chart-bar fa-w-16 fa-2x\"><path fill=\"currentColor\" d=\"M396.8 352h22.4c6.4 0 12.8-6.4 12.8-12.8V108.8c0-6.4-6.4-12.8-12.8-12.8h-22.4c-6.4 0-12.8 6.4-12.8 12.8v230.4c0 6.4 6.4 12.8 12.8 12.8zm-192 0h22.4c6.4 0 12.8-6.4 12.8-12.8V140.8c0-6.4-6.4-12.8-12.8-12.8h-22.4c-6.4 0-12.8 6.4-12.8 12.8v198.4c0 6.4 6.4 12.8 12.8 12.8zm96 0h22.4c6.4 0 12.8-6.4 12.8-12.8V204.8c0-6.4-6.4-12.8-12.8-12.8h-22.4c-6.4 0-12.8 6.4-12.8 12.8v134.4c0 6.4 6.4 12.8 12.8 12.8zM496 400H48V80c0-8.84-7.16-16-16-16H16C7.16 64 0 71.16 0 80v336c0 17.67 14.33 32 32 32h464c8.84 0 16-7.16 16-16v-16c0-8.84-7.16-16-16-16zm-387.2-48h22.4c6.4 0 12.8-6.4 12.8-12.8v-70.4c0-6.4-6.4-12.8-12.8-12.8h-22.4c-6.4 0-12.8 6.4-12.8 12.8v70.4c0 6.4 6.4 12.8 12.8 12.8z\" class=\"\"><\/path><\/svg><\/i> &nbsp;1,413&nbsp;total views, &nbsp;2&nbsp;views today<\/p><div class=\"pvc_clear\"><\/div>","protected":false},"excerpt":{"rendered":"<p>Sadr\u017eaj teme deskriptivna statistika inferencijalna statistika zaklju\u010divanje s uzorka entiteta na populaciju entiteta reprezentativnost uzorka entiteta obilje\u017eja varijable aritmeti\u010dkih sredina slu\u010dajnih uzoraka entiteta standardna pogre\u0161ka aritmeti\u010dke sredine utjecaj veli\u010dine uzorka na standardnu pogre\u0161ku aritmeti\u010dke sredine utjecaj varijabilnosti obilje\u017eja na standardnu pogre\u0161ku aritmeti\u010dke sredine izra\u010dunavanje intervala u kojem se nalazi aritmeti\u010dka [&hellip;]<\/p>\n<div class=\"pvc_clear\"><\/div>\n<p class=\"pvc_stats all \" data-element-id=\"3014\" style=\"\"><i class=\"pvc-stats-icon medium\" aria-hidden=\"true\"><svg aria-hidden=\"true\" focusable=\"false\" data-prefix=\"far\" data-icon=\"chart-bar\" role=\"img\" xmlns=\"http:\/\/www.w3.org\/2000\/svg\" viewBox=\"0 0 512 512\" class=\"svg-inline--fa fa-chart-bar fa-w-16 fa-2x\"><path fill=\"currentColor\" d=\"M396.8 352h22.4c6.4 0 12.8-6.4 12.8-12.8V108.8c0-6.4-6.4-12.8-12.8-12.8h-22.4c-6.4 0-12.8 6.4-12.8 12.8v230.4c0 6.4 6.4 12.8 12.8 12.8zm-192 0h22.4c6.4 0 12.8-6.4 12.8-12.8V140.8c0-6.4-6.4-12.8-12.8-12.8h-22.4c-6.4 0-12.8 6.4-12.8 12.8v198.4c0 6.4 6.4 12.8 12.8 12.8zm96 0h22.4c6.4 0 12.8-6.4 12.8-12.8V204.8c0-6.4-6.4-12.8-12.8-12.8h-22.4c-6.4 0-12.8 6.4-12.8 12.8v134.4c0 6.4 6.4 12.8 12.8 12.8zM496 400H48V80c0-8.84-7.16-16-16-16H16C7.16 64 0 71.16 0 80v336c0 17.67 14.33 32 32 32h464c8.84 0 16-7.16 16-16v-16c0-8.84-7.16-16-16-16zm-387.2-48h22.4c6.4 0 12.8-6.4 12.8-12.8v-70.4c0-6.4-6.4-12.8-12.8-12.8h-22.4c-6.4 0-12.8 6.4-12.8 12.8v70.4c0 6.4 6.4 12.8 12.8 12.8z\" class=\"\"><\/path><\/svg><\/i> &nbsp;1,413&nbsp;total views, &nbsp;2&nbsp;views today<\/p>\n<div class=\"pvc_clear\"><\/div>\n","protected":false},"author":1,"featured_media":0,"parent":0,"menu_order":0,"comment_status":"closed","ping_status":"closed","template":"","meta":[],"_links":{"self":[{"href":"https:\/\/km.com.hr\/index.php?rest_route=\/wp\/v2\/pages\/3014"}],"collection":[{"href":"https:\/\/km.com.hr\/index.php?rest_route=\/wp\/v2\/pages"}],"about":[{"href":"https:\/\/km.com.hr\/index.php?rest_route=\/wp\/v2\/types\/page"}],"author":[{"embeddable":true,"href":"https:\/\/km.com.hr\/index.php?rest_route=\/wp\/v2\/users\/1"}],"replies":[{"embeddable":true,"href":"https:\/\/km.com.hr\/index.php?rest_route=%2Fwp%2Fv2%2Fcomments&post=3014"}],"version-history":[{"count":4,"href":"https:\/\/km.com.hr\/index.php?rest_route=\/wp\/v2\/pages\/3014\/revisions"}],"predecessor-version":[{"id":3018,"href":"https:\/\/km.com.hr\/index.php?rest_route=\/wp\/v2\/pages\/3014\/revisions\/3018"}],"wp:attachment":[{"href":"https:\/\/km.com.hr\/index.php?rest_route=%2Fwp%2Fv2%2Fmedia&parent=3014"}],"curies":[{"name":"wp","href":"https:\/\/api.w.org\/{rel}","templated":true}]}}