{"id":2939,"date":"2020-11-05T08:44:23","date_gmt":"2020-11-05T08:44:23","guid":{"rendered":"http:\/\/km.com.hr\/?page_id=2939"},"modified":"2020-11-05T08:48:15","modified_gmt":"2020-11-05T08:48:15","slug":"kolmogorov-smrinov-test-ks-test","status":"publish","type":"page","link":"https:\/\/km.com.hr\/?page_id=2939","title":{"rendered":"Kolmogorov &#8211; Smrinov test (KS-test)"},"content":{"rendered":"\n<figure class=\"wp-block-embed-youtube wp-block-embed is-type-video is-provider-youtube wp-embed-aspect-16-9 wp-has-aspect-ratio\"><div class=\"wp-block-embed__wrapper\">\n<iframe loading=\"lazy\" title=\"Kolmogorov - Smirnov test (KS - test)\" width=\"640\" height=\"360\" src=\"https:\/\/www.youtube.com\/embed\/stIRtvDg2pg?feature=oembed\" frameborder=\"0\" allow=\"accelerometer; autoplay; clipboard-write; encrypted-media; gyroscope; picture-in-picture\" allowfullscreen><\/iframe>\n<\/div><figcaption>Kolmogorov &#8211; Smirnov test (KS &#8211; -test)<\/figcaption><\/figure>\n\n\n\n<h2>Sadr\u017eaj teme<\/h2>\n\n\n\n<ul id=\"yui_3_17_2_1_1604565809650_1496\"><li>teoretske i empirijske distribucije<\/li><li>nulta i alternativna hipoteza<\/li><li>pogre\u0161ka statisti\u010dkog zaklju\u010dka<\/li><li>relativne kumulativne empirijske frekvencije<\/li><li>relativne kumulativne teoretske frekvencije<\/li><li>maksimalno odstupanje relativne kumulativne empirijske frekvencije od relativne kumulativne teoretske frekvencije<\/li><li>kriti\u010dna vrijednost KS &#8211; testa<\/li><\/ul>\n\n\n\n<h2>Literatura<\/h2>\n\n\n\n<ul><li>Predavanja:\u00a0<strong><a href=\"https:\/\/km.com.hr\/wp-content\/uploads\/2020\/10\/Osnove-statistike-i-kineziometrije.pdf#page=33\"><span class=\"has-inline-color has-vivid-cyan-blue-color\">Osnove statistike i kineziometrije \u2013 priru\u010dnik za sportske trenere, str. 32-34<\/span>.<\/a><\/strong><\/li><\/ul>\n\n\n\n<p><\/p>\n<div class=\"pvc_clear\"><\/div><p class=\"pvc_stats all \" data-element-id=\"2939\" style=\"\"><i class=\"pvc-stats-icon medium\" aria-hidden=\"true\"><svg aria-hidden=\"true\" focusable=\"false\" data-prefix=\"far\" data-icon=\"chart-bar\" role=\"img\" xmlns=\"http:\/\/www.w3.org\/2000\/svg\" viewBox=\"0 0 512 512\" class=\"svg-inline--fa fa-chart-bar fa-w-16 fa-2x\"><path fill=\"currentColor\" d=\"M396.8 352h22.4c6.4 0 12.8-6.4 12.8-12.8V108.8c0-6.4-6.4-12.8-12.8-12.8h-22.4c-6.4 0-12.8 6.4-12.8 12.8v230.4c0 6.4 6.4 12.8 12.8 12.8zm-192 0h22.4c6.4 0 12.8-6.4 12.8-12.8V140.8c0-6.4-6.4-12.8-12.8-12.8h-22.4c-6.4 0-12.8 6.4-12.8 12.8v198.4c0 6.4 6.4 12.8 12.8 12.8zm96 0h22.4c6.4 0 12.8-6.4 12.8-12.8V204.8c0-6.4-6.4-12.8-12.8-12.8h-22.4c-6.4 0-12.8 6.4-12.8 12.8v134.4c0 6.4 6.4 12.8 12.8 12.8zM496 400H48V80c0-8.84-7.16-16-16-16H16C7.16 64 0 71.16 0 80v336c0 17.67 14.33 32 32 32h464c8.84 0 16-7.16 16-16v-16c0-8.84-7.16-16-16-16zm-387.2-48h22.4c6.4 0 12.8-6.4 12.8-12.8v-70.4c0-6.4-6.4-12.8-12.8-12.8h-22.4c-6.4 0-12.8 6.4-12.8 12.8v70.4c0 6.4 6.4 12.8 12.8 12.8z\" class=\"\"><\/path><\/svg><\/i> &nbsp;2,714&nbsp;total views, &nbsp;3&nbsp;views today<\/p><div class=\"pvc_clear\"><\/div>","protected":false},"excerpt":{"rendered":"<p>Sadr\u017eaj teme teoretske i empirijske distribucije nulta i alternativna hipoteza pogre\u0161ka statisti\u010dkog zaklju\u010dka relativne kumulativne empirijske frekvencije relativne kumulativne teoretske frekvencije maksimalno odstupanje relativne kumulativne empirijske frekvencije od relativne kumulativne teoretske frekvencije kriti\u010dna vrijednost KS &#8211; testa Literatura Predavanja:\u00a0Osnove statistike i kineziometrije \u2013 priru\u010dnik za sportske trenere, str. 32-34. &nbsp;2,714&nbsp;total [&hellip;]<\/p>\n<div class=\"pvc_clear\"><\/div>\n<p class=\"pvc_stats all \" data-element-id=\"2939\" style=\"\"><i class=\"pvc-stats-icon medium\" aria-hidden=\"true\"><svg aria-hidden=\"true\" focusable=\"false\" data-prefix=\"far\" data-icon=\"chart-bar\" role=\"img\" xmlns=\"http:\/\/www.w3.org\/2000\/svg\" viewBox=\"0 0 512 512\" class=\"svg-inline--fa fa-chart-bar fa-w-16 fa-2x\"><path fill=\"currentColor\" d=\"M396.8 352h22.4c6.4 0 12.8-6.4 12.8-12.8V108.8c0-6.4-6.4-12.8-12.8-12.8h-22.4c-6.4 0-12.8 6.4-12.8 12.8v230.4c0 6.4 6.4 12.8 12.8 12.8zm-192 0h22.4c6.4 0 12.8-6.4 12.8-12.8V140.8c0-6.4-6.4-12.8-12.8-12.8h-22.4c-6.4 0-12.8 6.4-12.8 12.8v198.4c0 6.4 6.4 12.8 12.8 12.8zm96 0h22.4c6.4 0 12.8-6.4 12.8-12.8V204.8c0-6.4-6.4-12.8-12.8-12.8h-22.4c-6.4 0-12.8 6.4-12.8 12.8v134.4c0 6.4 6.4 12.8 12.8 12.8zM496 400H48V80c0-8.84-7.16-16-16-16H16C7.16 64 0 71.16 0 80v336c0 17.67 14.33 32 32 32h464c8.84 0 16-7.16 16-16v-16c0-8.84-7.16-16-16-16zm-387.2-48h22.4c6.4 0 12.8-6.4 12.8-12.8v-70.4c0-6.4-6.4-12.8-12.8-12.8h-22.4c-6.4 0-12.8 6.4-12.8 12.8v70.4c0 6.4 6.4 12.8 12.8 12.8z\" class=\"\"><\/path><\/svg><\/i> &nbsp;2,714&nbsp;total views, &nbsp;3&nbsp;views today<\/p>\n<div class=\"pvc_clear\"><\/div>\n","protected":false},"author":1,"featured_media":0,"parent":0,"menu_order":0,"comment_status":"closed","ping_status":"closed","template":"","meta":[],"_links":{"self":[{"href":"https:\/\/km.com.hr\/index.php?rest_route=\/wp\/v2\/pages\/2939"}],"collection":[{"href":"https:\/\/km.com.hr\/index.php?rest_route=\/wp\/v2\/pages"}],"about":[{"href":"https:\/\/km.com.hr\/index.php?rest_route=\/wp\/v2\/types\/page"}],"author":[{"embeddable":true,"href":"https:\/\/km.com.hr\/index.php?rest_route=\/wp\/v2\/users\/1"}],"replies":[{"embeddable":true,"href":"https:\/\/km.com.hr\/index.php?rest_route=%2Fwp%2Fv2%2Fcomments&post=2939"}],"version-history":[{"count":3,"href":"https:\/\/km.com.hr\/index.php?rest_route=\/wp\/v2\/pages\/2939\/revisions"}],"predecessor-version":[{"id":2942,"href":"https:\/\/km.com.hr\/index.php?rest_route=\/wp\/v2\/pages\/2939\/revisions\/2942"}],"wp:attachment":[{"href":"https:\/\/km.com.hr\/index.php?rest_route=%2Fwp%2Fv2%2Fmedia&parent=2939"}],"curies":[{"name":"wp","href":"https:\/\/api.w.org\/{rel}","templated":true}]}}