{"id":2791,"date":"2020-06-01T16:21:00","date_gmt":"2020-06-01T16:21:00","guid":{"rendered":"http:\/\/km.com.hr\/?page_id=2791"},"modified":"2022-01-10T12:57:58","modified_gmt":"2022-01-10T12:57:58","slug":"elementi-matricne-algebre-1-dio","status":"publish","type":"page","link":"https:\/\/km.com.hr\/?page_id=2791","title":{"rendered":"Elementi matri\u010dne algebre 1. dio"},"content":{"rendered":"\n<h2 id=\"yui_3_17_2_1_1591027827058_4508\">Sadr\u017eaj teme<\/h2>\n\n\n\n<p><strong>Teorijske osnove<\/strong><\/p>\n\n\n\n<ul><li>matri\u010dna algebra<\/li><li>matrica<\/li><li>elementi matrice<\/li><li>vektor stupca<\/li><li>vektor retka ili transponirani vektor<\/li><\/ul>\n\n\n\n<p><strong>Vrste matrica<\/strong><\/p>\n\n\n\n<ul><li>kvadratna matrica<\/li><li>transponirana matrica<\/li><li>transponiranje matrice<\/li><li>simetri\u010dna matrica<\/li><li>dijagonalna matrica<\/li><li>skalarna matrica<\/li><li>matrica identiteta<\/li><\/ul>\n\n\n\n<p><strong>Ra\u010dunske operacije s matricama<\/strong><\/p>\n\n\n\n<ul><li>zbrajanje matrica<\/li><li>oduzimanje matrica<\/li><li>mno\u017eenje matrica<\/li><li>mno\u017eenje vektora transponiranim vektorom<\/li><li>mno\u017eenje transponiranog vektora vektorom<\/li><li>mno\u017eenje matrice skalarom<\/li><\/ul>\n\n\n\n<h2>Literatura<\/h2>\n\n\n\n<ul><li>Predavanja:<a href=\"https:\/\/km.com.hr\/wp-content\/uploads\/2018\/04\/Kvantitativne_metode.pdf#page=13\"><strong><span class=\"has-inline-color has-vivid-cyan-blue-color\">&nbsp;Dizdar, D. (2006) Kvantitativne metode,&nbsp; str. 11-19.<\/span><\/strong><\/a><\/li><li>Vje\u017ebe:&nbsp;<a href=\"https:\/\/km.com.hr\/wp-content\/uploads\/2020\/04\/Priru%C4%8Dnik-za-Kvantitativne-metode.pdf#page=105\"><strong><span class=\"has-inline-color has-vivid-cyan-blue-color\">Pedi\u0161i\u0107, \u017d. Dizdar, D. (2009) Priru\u010dnik za kvantitativne metode, str. 110-122.<\/span><\/strong><\/a><\/li><\/ul>\n<div class=\"pvc_clear\"><\/div><p class=\"pvc_stats all \" data-element-id=\"2791\" style=\"\"><i class=\"pvc-stats-icon medium\" aria-hidden=\"true\"><svg aria-hidden=\"true\" focusable=\"false\" data-prefix=\"far\" data-icon=\"chart-bar\" role=\"img\" xmlns=\"http:\/\/www.w3.org\/2000\/svg\" viewBox=\"0 0 512 512\" class=\"svg-inline--fa fa-chart-bar fa-w-16 fa-2x\"><path fill=\"currentColor\" d=\"M396.8 352h22.4c6.4 0 12.8-6.4 12.8-12.8V108.8c0-6.4-6.4-12.8-12.8-12.8h-22.4c-6.4 0-12.8 6.4-12.8 12.8v230.4c0 6.4 6.4 12.8 12.8 12.8zm-192 0h22.4c6.4 0 12.8-6.4 12.8-12.8V140.8c0-6.4-6.4-12.8-12.8-12.8h-22.4c-6.4 0-12.8 6.4-12.8 12.8v198.4c0 6.4 6.4 12.8 12.8 12.8zm96 0h22.4c6.4 0 12.8-6.4 12.8-12.8V204.8c0-6.4-6.4-12.8-12.8-12.8h-22.4c-6.4 0-12.8 6.4-12.8 12.8v134.4c0 6.4 6.4 12.8 12.8 12.8zM496 400H48V80c0-8.84-7.16-16-16-16H16C7.16 64 0 71.16 0 80v336c0 17.67 14.33 32 32 32h464c8.84 0 16-7.16 16-16v-16c0-8.84-7.16-16-16-16zm-387.2-48h22.4c6.4 0 12.8-6.4 12.8-12.8v-70.4c0-6.4-6.4-12.8-12.8-12.8h-22.4c-6.4 0-12.8 6.4-12.8 12.8v70.4c0 6.4 6.4 12.8 12.8 12.8z\" class=\"\"><\/path><\/svg><\/i> &nbsp;1,546&nbsp;total views, &nbsp;1&nbsp;views today<\/p><div class=\"pvc_clear\"><\/div>","protected":false},"excerpt":{"rendered":"<p>Sadr\u017eaj teme Teorijske osnove matri\u010dna algebra matrica elementi matrice vektor stupca vektor retka ili transponirani vektor Vrste matrica kvadratna matrica transponirana matrica transponiranje matrice simetri\u010dna matrica dijagonalna matrica skalarna matrica matrica identiteta Ra\u010dunske operacije s matricama zbrajanje matrica oduzimanje matrica mno\u017eenje matrica mno\u017eenje vektora transponiranim vektorom mno\u017eenje transponiranog vektora vektorom [&hellip;]<\/p>\n<div class=\"pvc_clear\"><\/div>\n<p class=\"pvc_stats all \" data-element-id=\"2791\" style=\"\"><i class=\"pvc-stats-icon medium\" aria-hidden=\"true\"><svg aria-hidden=\"true\" focusable=\"false\" data-prefix=\"far\" data-icon=\"chart-bar\" role=\"img\" xmlns=\"http:\/\/www.w3.org\/2000\/svg\" viewBox=\"0 0 512 512\" class=\"svg-inline--fa fa-chart-bar fa-w-16 fa-2x\"><path fill=\"currentColor\" d=\"M396.8 352h22.4c6.4 0 12.8-6.4 12.8-12.8V108.8c0-6.4-6.4-12.8-12.8-12.8h-22.4c-6.4 0-12.8 6.4-12.8 12.8v230.4c0 6.4 6.4 12.8 12.8 12.8zm-192 0h22.4c6.4 0 12.8-6.4 12.8-12.8V140.8c0-6.4-6.4-12.8-12.8-12.8h-22.4c-6.4 0-12.8 6.4-12.8 12.8v198.4c0 6.4 6.4 12.8 12.8 12.8zm96 0h22.4c6.4 0 12.8-6.4 12.8-12.8V204.8c0-6.4-6.4-12.8-12.8-12.8h-22.4c-6.4 0-12.8 6.4-12.8 12.8v134.4c0 6.4 6.4 12.8 12.8 12.8zM496 400H48V80c0-8.84-7.16-16-16-16H16C7.16 64 0 71.16 0 80v336c0 17.67 14.33 32 32 32h464c8.84 0 16-7.16 16-16v-16c0-8.84-7.16-16-16-16zm-387.2-48h22.4c6.4 0 12.8-6.4 12.8-12.8v-70.4c0-6.4-6.4-12.8-12.8-12.8h-22.4c-6.4 0-12.8 6.4-12.8 12.8v70.4c0 6.4 6.4 12.8 12.8 12.8z\" class=\"\"><\/path><\/svg><\/i> &nbsp;1,546&nbsp;total views, &nbsp;1&nbsp;views today<\/p>\n<div class=\"pvc_clear\"><\/div>\n","protected":false},"author":1,"featured_media":0,"parent":968,"menu_order":0,"comment_status":"closed","ping_status":"closed","template":"","meta":[],"_links":{"self":[{"href":"https:\/\/km.com.hr\/index.php?rest_route=\/wp\/v2\/pages\/2791"}],"collection":[{"href":"https:\/\/km.com.hr\/index.php?rest_route=\/wp\/v2\/pages"}],"about":[{"href":"https:\/\/km.com.hr\/index.php?rest_route=\/wp\/v2\/types\/page"}],"author":[{"embeddable":true,"href":"https:\/\/km.com.hr\/index.php?rest_route=\/wp\/v2\/users\/1"}],"replies":[{"embeddable":true,"href":"https:\/\/km.com.hr\/index.php?rest_route=%2Fwp%2Fv2%2Fcomments&post=2791"}],"version-history":[{"count":7,"href":"https:\/\/km.com.hr\/index.php?rest_route=\/wp\/v2\/pages\/2791\/revisions"}],"predecessor-version":[{"id":3266,"href":"https:\/\/km.com.hr\/index.php?rest_route=\/wp\/v2\/pages\/2791\/revisions\/3266"}],"up":[{"embeddable":true,"href":"https:\/\/km.com.hr\/index.php?rest_route=\/wp\/v2\/pages\/968"}],"wp:attachment":[{"href":"https:\/\/km.com.hr\/index.php?rest_route=%2Fwp%2Fv2%2Fmedia&parent=2791"}],"curies":[{"name":"wp","href":"https:\/\/api.w.org\/{rel}","templated":true}]}}