{"id":2739,"date":"2020-05-21T09:08:22","date_gmt":"2020-05-21T09:08:22","guid":{"rendered":"http:\/\/km.com.hr\/?page_id=2739"},"modified":"2022-01-10T13:00:09","modified_gmt":"2022-01-10T13:00:09","slug":"faktorska-analiza","status":"publish","type":"page","link":"https:\/\/km.com.hr\/?page_id=2739","title":{"rendered":"Faktorska analiza"},"content":{"rendered":"\n<figure class=\"wp-block-embed is-type-video is-provider-youtube wp-block-embed-youtube wp-embed-aspect-16-9 wp-has-aspect-ratio\"><div class=\"wp-block-embed__wrapper\">\n<iframe loading=\"lazy\" title=\"Faktorska analiza\" width=\"640\" height=\"360\" src=\"https:\/\/www.youtube.com\/embed\/TzX5a1BJ3Hg?feature=oembed\" frameborder=\"0\" allow=\"accelerometer; autoplay; clipboard-write; encrypted-media; gyroscope; picture-in-picture\" allowfullscreen><\/iframe>\n<\/div><figcaption>Faktorska analiza<\/figcaption><\/figure>\n\n\n\n<h2 id=\"yui_3_17_2_1_1590051797737_3850\">Sadr\u017eaj teme<\/h2>\n\n\n\n<p><strong>Uvod u faktorsku analizu<\/strong><\/p>\n\n\n\n<ul><li>upotreba faktorske analize u kineziologiji<\/li><li>manifestne varijable<\/li><li>latentne dimenzije<\/li><\/ul>\n\n\n\n<p><strong>Komponentni model faktorske analize<\/strong><\/p>\n\n\n\n<ul><li>glavne komponente<\/li><li>ukupna varijanca skupa standardiziranih varijabli<\/li><li>matrica svojstvenih vektora<\/li><li>matrica svojstvenih vrijednosti<\/li><li>matrica glavnih komponenata<\/li><li>svojstvena vrijednost kao varijanca odgovaraju\u0107e glavne komponente<\/li><li>ortogonalnost glavnih komponenata<\/li><li>matrica strukture glavnih komponenata<\/li><li>prostorni odnos manifestnih vektora i glavnih komponenata<\/li><\/ul>\n\n\n\n<p><strong>Kriteriji za odabir zna\u010dajnih glavnih komponenata<\/strong><\/p>\n\n\n\n<ul><li>GK-kriterij<\/li><li>PB-kriterij<\/li><li>Scree-test<\/li><\/ul>\n\n\n\n<p><strong>Komunaliteti i unikviteti<\/strong><\/p>\n\n\n\n<ul><li>komunalitet<\/li><li>unikvitet<\/li><li>odnos komunaliteta i unikviteta<\/li><\/ul>\n\n\n\n<p><strong>Rotacije<\/strong><\/p>\n\n\n\n<ul><li>jednostavna struktura faktora<\/li><li>ortogonalne rotacije<\/li><li>neortogonalne rotacije<\/li><li>matrica strukture<\/li><li>matrica sklopa<\/li><li>matrica korelacija izme\u0111u faktora<\/li><\/ul>\n\n\n\n<h2>Literatura<\/h2>\n\n\n\n<ul><li>Predavanja:<a href=\"https:\/\/km.com.hr\/wp-content\/uploads\/2018\/04\/Kvantitativne_metode.pdf#page=216\"><span class=\"has-inline-color has-vivid-cyan-blue-color\">&nbsp;<strong>Dizdar, D. (2006) Kvantitativne metode,&nbsp; str. 214-237.<\/strong><\/span><\/a><\/li><li>Vje\u017ebe:<span style=\"color:#0071a1\" class=\"has-inline-color\">&nbsp;<\/span><strong><a href=\"https:\/\/km.com.hr\/wp-content\/uploads\/2020\/04\/Priru%C4%8Dnik-za-Kvantitativne-metode.pdf#page=146\"><span class=\"has-inline-color has-vivid-cyan-blue-color\">Pedi\u0161i\u0107, \u017d. Dizdar, D. (2009) Priru\u010dnik za kvantitativne metode, str. 152-164.<\/span><\/a><\/strong><\/li><\/ul>\n\n\n\n<p><\/p>\n<div class=\"pvc_clear\"><\/div><p class=\"pvc_stats all \" data-element-id=\"2739\" style=\"\"><i class=\"pvc-stats-icon medium\" aria-hidden=\"true\"><svg aria-hidden=\"true\" focusable=\"false\" data-prefix=\"far\" data-icon=\"chart-bar\" role=\"img\" xmlns=\"http:\/\/www.w3.org\/2000\/svg\" viewBox=\"0 0 512 512\" class=\"svg-inline--fa fa-chart-bar fa-w-16 fa-2x\"><path fill=\"currentColor\" d=\"M396.8 352h22.4c6.4 0 12.8-6.4 12.8-12.8V108.8c0-6.4-6.4-12.8-12.8-12.8h-22.4c-6.4 0-12.8 6.4-12.8 12.8v230.4c0 6.4 6.4 12.8 12.8 12.8zm-192 0h22.4c6.4 0 12.8-6.4 12.8-12.8V140.8c0-6.4-6.4-12.8-12.8-12.8h-22.4c-6.4 0-12.8 6.4-12.8 12.8v198.4c0 6.4 6.4 12.8 12.8 12.8zm96 0h22.4c6.4 0 12.8-6.4 12.8-12.8V204.8c0-6.4-6.4-12.8-12.8-12.8h-22.4c-6.4 0-12.8 6.4-12.8 12.8v134.4c0 6.4 6.4 12.8 12.8 12.8zM496 400H48V80c0-8.84-7.16-16-16-16H16C7.16 64 0 71.16 0 80v336c0 17.67 14.33 32 32 32h464c8.84 0 16-7.16 16-16v-16c0-8.84-7.16-16-16-16zm-387.2-48h22.4c6.4 0 12.8-6.4 12.8-12.8v-70.4c0-6.4-6.4-12.8-12.8-12.8h-22.4c-6.4 0-12.8 6.4-12.8 12.8v70.4c0 6.4 6.4 12.8 12.8 12.8z\" class=\"\"><\/path><\/svg><\/i> &nbsp;6,748&nbsp;total views, &nbsp;6&nbsp;views today<\/p><div class=\"pvc_clear\"><\/div>","protected":false},"excerpt":{"rendered":"<p>Sadr\u017eaj teme Uvod u faktorsku analizu upotreba faktorske analize u kineziologiji manifestne varijable latentne dimenzije Komponentni model faktorske analize glavne komponente ukupna varijanca skupa standardiziranih varijabli matrica svojstvenih vektora matrica svojstvenih vrijednosti matrica glavnih komponenata svojstvena vrijednost kao varijanca odgovaraju\u0107e glavne komponente ortogonalnost glavnih komponenata matrica strukture glavnih komponenata prostorni [&hellip;]<\/p>\n<div class=\"pvc_clear\"><\/div>\n<p class=\"pvc_stats all \" data-element-id=\"2739\" style=\"\"><i class=\"pvc-stats-icon medium\" aria-hidden=\"true\"><svg aria-hidden=\"true\" focusable=\"false\" data-prefix=\"far\" data-icon=\"chart-bar\" role=\"img\" xmlns=\"http:\/\/www.w3.org\/2000\/svg\" viewBox=\"0 0 512 512\" class=\"svg-inline--fa fa-chart-bar fa-w-16 fa-2x\"><path fill=\"currentColor\" d=\"M396.8 352h22.4c6.4 0 12.8-6.4 12.8-12.8V108.8c0-6.4-6.4-12.8-12.8-12.8h-22.4c-6.4 0-12.8 6.4-12.8 12.8v230.4c0 6.4 6.4 12.8 12.8 12.8zm-192 0h22.4c6.4 0 12.8-6.4 12.8-12.8V140.8c0-6.4-6.4-12.8-12.8-12.8h-22.4c-6.4 0-12.8 6.4-12.8 12.8v198.4c0 6.4 6.4 12.8 12.8 12.8zm96 0h22.4c6.4 0 12.8-6.4 12.8-12.8V204.8c0-6.4-6.4-12.8-12.8-12.8h-22.4c-6.4 0-12.8 6.4-12.8 12.8v134.4c0 6.4 6.4 12.8 12.8 12.8zM496 400H48V80c0-8.84-7.16-16-16-16H16C7.16 64 0 71.16 0 80v336c0 17.67 14.33 32 32 32h464c8.84 0 16-7.16 16-16v-16c0-8.84-7.16-16-16-16zm-387.2-48h22.4c6.4 0 12.8-6.4 12.8-12.8v-70.4c0-6.4-6.4-12.8-12.8-12.8h-22.4c-6.4 0-12.8 6.4-12.8 12.8v70.4c0 6.4 6.4 12.8 12.8 12.8z\" class=\"\"><\/path><\/svg><\/i> &nbsp;6,748&nbsp;total views, &nbsp;6&nbsp;views today<\/p>\n<div class=\"pvc_clear\"><\/div>\n","protected":false},"author":1,"featured_media":0,"parent":968,"menu_order":0,"comment_status":"closed","ping_status":"closed","template":"","meta":[],"_links":{"self":[{"href":"https:\/\/km.com.hr\/index.php?rest_route=\/wp\/v2\/pages\/2739"}],"collection":[{"href":"https:\/\/km.com.hr\/index.php?rest_route=\/wp\/v2\/pages"}],"about":[{"href":"https:\/\/km.com.hr\/index.php?rest_route=\/wp\/v2\/types\/page"}],"author":[{"embeddable":true,"href":"https:\/\/km.com.hr\/index.php?rest_route=\/wp\/v2\/users\/1"}],"replies":[{"embeddable":true,"href":"https:\/\/km.com.hr\/index.php?rest_route=%2Fwp%2Fv2%2Fcomments&post=2739"}],"version-history":[{"count":10,"href":"https:\/\/km.com.hr\/index.php?rest_route=\/wp\/v2\/pages\/2739\/revisions"}],"predecessor-version":[{"id":3269,"href":"https:\/\/km.com.hr\/index.php?rest_route=\/wp\/v2\/pages\/2739\/revisions\/3269"}],"up":[{"embeddable":true,"href":"https:\/\/km.com.hr\/index.php?rest_route=\/wp\/v2\/pages\/968"}],"wp:attachment":[{"href":"https:\/\/km.com.hr\/index.php?rest_route=%2Fwp%2Fv2%2Fmedia&parent=2739"}],"curies":[{"name":"wp","href":"https:\/\/api.w.org\/{rel}","templated":true}]}}