{"id":2212,"date":"2020-05-08T13:42:51","date_gmt":"2020-05-08T13:42:51","guid":{"rendered":"http:\/\/km.com.hr\/?page_id=2212"},"modified":"2022-01-10T12:59:22","modified_gmt":"2022-01-10T12:59:22","slug":"regresijska-anliza-jedonstavni-linearni-model","status":"publish","type":"page","link":"https:\/\/km.com.hr\/?page_id=2212","title":{"rendered":"Regresijska analiza"},"content":{"rendered":"\n<figure class=\"wp-block-embed is-type-video is-provider-youtube wp-block-embed-youtube wp-embed-aspect-16-9 wp-has-aspect-ratio\"><div class=\"wp-block-embed__wrapper\">\n<iframe loading=\"lazy\" title=\"Regresijska analiza - jednostavni linearni model\" width=\"640\" height=\"360\" src=\"https:\/\/www.youtube.com\/embed\/wXInzc_kNoo?feature=oembed\" frameborder=\"0\" allow=\"accelerometer; autoplay; clipboard-write; encrypted-media; gyroscope; picture-in-picture\" allowfullscreen><\/iframe>\n<\/div><figcaption>Regresijska analiza &#8211; jednostavni linearni model<\/figcaption><\/figure>\n\n\n\n<figure class=\"wp-block-embed is-type-video is-provider-youtube wp-block-embed-youtube wp-embed-aspect-16-9 wp-has-aspect-ratio\"><div class=\"wp-block-embed__wrapper\">\n<iframe loading=\"lazy\" title=\"Regresjska analiza - vi\u0161estruki linearni model\" width=\"640\" height=\"360\" src=\"https:\/\/www.youtube.com\/embed\/IwWCIQHVqfQ?feature=oembed\" frameborder=\"0\" allow=\"accelerometer; autoplay; clipboard-write; encrypted-media; gyroscope; picture-in-picture\" allowfullscreen><\/iframe>\n<\/div><figcaption>Regresijska analiza &#8211; vi\u0161estruki linearni model<\/figcaption><\/figure>\n\n\n\n<h2>Sadr\u017eaj teme<\/h2>\n\n\n\n<p>Uvod u regresijsku analizu<\/p>\n\n\n\n<ul><li>zavisna (kriterijska) varijabla<\/li><li>nezavisna (prediktorska) varijabla<\/li><li>primjena regresijske analize u kineziologiji<\/li><li>podjela regresijskih modela<\/li><li>odabir modela jednostavne regresijske analize putem korelacijskog dijagrama<\/li><\/ul>\n\n\n\n<p>Jednostavna linearna regresijska analiza<\/p>\n\n\n\n<ul><li>jednad\u017eba regresijskog pravca<\/li><li>metoda najmanjih kvadrata<\/li><li>regresijski koeficijent b0<\/li><li>regresijski koeficijent b1<\/li><li>prognoziranje rezultata u kriterijskoj varijabli<\/li><li>prognozirani rezultat<\/li><li>rezidualna vrijednost<\/li><li>distribucija rezidualnih vrijednosti oko regresijskog pravca<\/li><li>standardna pogre\u0161ka prognoze<\/li><li>koeficijent korelacije kao mjera povezanosti prediktorske i kriterijske varijable<\/li><li>koeficijent determinacije<\/li><\/ul>\n\n\n\n<p>Vi\u0161estruka linearna regresijska analiza<\/p>\n\n\n\n<ul><li>jednad\u017eba vi\u0161estruke linearne regresije<\/li><li>nestandardizirani regresijski koeficijenti<\/li><li>standardizirani regresijski koeficijenti<\/li><li>testiranje statisti\u010dke zna\u010dajnosti regresijskog koeficijenta<\/li><li>standardna pogre\u0161ka prognoze<\/li><li>koeficijent multiple korelacije<\/li><li>koeficijent multiple determinacije<\/li><li>testiranje statisti\u010dke zna\u010dajnosti koeficijenta multiple korelacije<\/li><\/ul>\n\n\n\n<h2>Literatura<\/h2>\n\n\n\n<ul><li>Predavanja:<strong><a href=\"https:\/\/km.com.hr\/wp-content\/uploads\/2018\/04\/Kvantitativne_metode.pdf#page=184\"><span class=\"has-inline-color has-vivid-cyan-blue-color\">&nbsp;Dizdar, D. (2006) Kvantitativne metode,&nbsp; str. 182-207.<\/span><\/a><\/strong><\/li><li>Vje\u017ebe:&nbsp;<a href=\"https:\/\/km.com.hr\/wp-content\/uploads\/2020\/04\/Priru%C4%8Dnik-za-Kvantitativne-metode.pdf#page=131\"><strong><span class=\"has-inline-color has-vivid-cyan-blue-color\">Pedi\u0161i\u0107, \u017d. Dizdar, D. (2009) Priru\u010dnik za kvantitativne metode, str. 136-149.<\/span><\/strong><\/a><\/li><\/ul>\n\n\n\n<p><\/p>\n<div class=\"pvc_clear\"><\/div><p class=\"pvc_stats all \" data-element-id=\"2212\" style=\"\"><i class=\"pvc-stats-icon medium\" aria-hidden=\"true\"><svg aria-hidden=\"true\" focusable=\"false\" data-prefix=\"far\" data-icon=\"chart-bar\" role=\"img\" xmlns=\"http:\/\/www.w3.org\/2000\/svg\" viewBox=\"0 0 512 512\" class=\"svg-inline--fa fa-chart-bar fa-w-16 fa-2x\"><path fill=\"currentColor\" d=\"M396.8 352h22.4c6.4 0 12.8-6.4 12.8-12.8V108.8c0-6.4-6.4-12.8-12.8-12.8h-22.4c-6.4 0-12.8 6.4-12.8 12.8v230.4c0 6.4 6.4 12.8 12.8 12.8zm-192 0h22.4c6.4 0 12.8-6.4 12.8-12.8V140.8c0-6.4-6.4-12.8-12.8-12.8h-22.4c-6.4 0-12.8 6.4-12.8 12.8v198.4c0 6.4 6.4 12.8 12.8 12.8zm96 0h22.4c6.4 0 12.8-6.4 12.8-12.8V204.8c0-6.4-6.4-12.8-12.8-12.8h-22.4c-6.4 0-12.8 6.4-12.8 12.8v134.4c0 6.4 6.4 12.8 12.8 12.8zM496 400H48V80c0-8.84-7.16-16-16-16H16C7.16 64 0 71.16 0 80v336c0 17.67 14.33 32 32 32h464c8.84 0 16-7.16 16-16v-16c0-8.84-7.16-16-16-16zm-387.2-48h22.4c6.4 0 12.8-6.4 12.8-12.8v-70.4c0-6.4-6.4-12.8-12.8-12.8h-22.4c-6.4 0-12.8 6.4-12.8 12.8v70.4c0 6.4 6.4 12.8 12.8 12.8z\" class=\"\"><\/path><\/svg><\/i> &nbsp;10,655&nbsp;total views, &nbsp;6&nbsp;views today<\/p><div class=\"pvc_clear\"><\/div>","protected":false},"excerpt":{"rendered":"<p>Sadr\u017eaj teme Uvod u regresijsku analizu zavisna (kriterijska) varijabla nezavisna (prediktorska) varijabla primjena regresijske analize u kineziologiji podjela regresijskih modela odabir modela jednostavne regresijske analize putem korelacijskog dijagrama Jednostavna linearna regresijska analiza jednad\u017eba regresijskog pravca metoda najmanjih kvadrata regresijski koeficijent b0 regresijski koeficijent b1 prognoziranje rezultata u kriterijskoj varijabli prognozirani [&hellip;]<\/p>\n<div class=\"pvc_clear\"><\/div>\n<p class=\"pvc_stats all \" data-element-id=\"2212\" style=\"\"><i class=\"pvc-stats-icon medium\" aria-hidden=\"true\"><svg aria-hidden=\"true\" focusable=\"false\" data-prefix=\"far\" data-icon=\"chart-bar\" role=\"img\" xmlns=\"http:\/\/www.w3.org\/2000\/svg\" viewBox=\"0 0 512 512\" class=\"svg-inline--fa fa-chart-bar fa-w-16 fa-2x\"><path fill=\"currentColor\" d=\"M396.8 352h22.4c6.4 0 12.8-6.4 12.8-12.8V108.8c0-6.4-6.4-12.8-12.8-12.8h-22.4c-6.4 0-12.8 6.4-12.8 12.8v230.4c0 6.4 6.4 12.8 12.8 12.8zm-192 0h22.4c6.4 0 12.8-6.4 12.8-12.8V140.8c0-6.4-6.4-12.8-12.8-12.8h-22.4c-6.4 0-12.8 6.4-12.8 12.8v198.4c0 6.4 6.4 12.8 12.8 12.8zm96 0h22.4c6.4 0 12.8-6.4 12.8-12.8V204.8c0-6.4-6.4-12.8-12.8-12.8h-22.4c-6.4 0-12.8 6.4-12.8 12.8v134.4c0 6.4 6.4 12.8 12.8 12.8zM496 400H48V80c0-8.84-7.16-16-16-16H16C7.16 64 0 71.16 0 80v336c0 17.67 14.33 32 32 32h464c8.84 0 16-7.16 16-16v-16c0-8.84-7.16-16-16-16zm-387.2-48h22.4c6.4 0 12.8-6.4 12.8-12.8v-70.4c0-6.4-6.4-12.8-12.8-12.8h-22.4c-6.4 0-12.8 6.4-12.8 12.8v70.4c0 6.4 6.4 12.8 12.8 12.8z\" class=\"\"><\/path><\/svg><\/i> &nbsp;10,655&nbsp;total views, &nbsp;6&nbsp;views today<\/p>\n<div class=\"pvc_clear\"><\/div>\n","protected":false},"author":1,"featured_media":0,"parent":968,"menu_order":0,"comment_status":"closed","ping_status":"closed","template":"","meta":[],"_links":{"self":[{"href":"https:\/\/km.com.hr\/index.php?rest_route=\/wp\/v2\/pages\/2212"}],"collection":[{"href":"https:\/\/km.com.hr\/index.php?rest_route=\/wp\/v2\/pages"}],"about":[{"href":"https:\/\/km.com.hr\/index.php?rest_route=\/wp\/v2\/types\/page"}],"author":[{"embeddable":true,"href":"https:\/\/km.com.hr\/index.php?rest_route=\/wp\/v2\/users\/1"}],"replies":[{"embeddable":true,"href":"https:\/\/km.com.hr\/index.php?rest_route=%2Fwp%2Fv2%2Fcomments&post=2212"}],"version-history":[{"count":8,"href":"https:\/\/km.com.hr\/index.php?rest_route=\/wp\/v2\/pages\/2212\/revisions"}],"predecessor-version":[{"id":3268,"href":"https:\/\/km.com.hr\/index.php?rest_route=\/wp\/v2\/pages\/2212\/revisions\/3268"}],"up":[{"embeddable":true,"href":"https:\/\/km.com.hr\/index.php?rest_route=\/wp\/v2\/pages\/968"}],"wp:attachment":[{"href":"https:\/\/km.com.hr\/index.php?rest_route=%2Fwp%2Fv2%2Fmedia&parent=2212"}],"curies":[{"name":"wp","href":"https:\/\/api.w.org\/{rel}","templated":true}]}}