{"id":2198,"date":"2020-05-04T16:31:13","date_gmt":"2020-05-04T16:31:13","guid":{"rendered":"http:\/\/km.com.hr\/?page_id=2198"},"modified":"2022-01-10T12:14:33","modified_gmt":"2022-01-10T12:14:33","slug":"korelacija-2","status":"publish","type":"page","link":"https:\/\/km.com.hr\/?page_id=2198","title":{"rendered":"Korelacija"},"content":{"rendered":"\n<figure class=\"wp-block-embed is-type-video is-provider-youtube wp-block-embed-youtube wp-embed-aspect-16-9 wp-has-aspect-ratio\"><div class=\"wp-block-embed__wrapper\">\n<iframe loading=\"lazy\" title=\"Korelacija\" width=\"640\" height=\"360\" src=\"https:\/\/www.youtube.com\/embed\/0l_m3gSiiVI?feature=oembed\" frameborder=\"0\" allow=\"accelerometer; autoplay; clipboard-write; encrypted-media; gyroscope; picture-in-picture\" allowfullscreen><\/iframe>\n<\/div><figcaption>Korelacija<\/figcaption><\/figure>\n\n\n\n<h2>Sadr\u017eaj teme<\/h2>\n\n\n\n<ul><li>Pearsonov produkt-moment koeficijent korelacije<\/li><li>korelacijski dijagram<\/li><li>potpuna pozitivna&nbsp;korelacija<\/li><li>potpuna negativna&nbsp;korelacija<\/li><li>nepotpuna pozitivna&nbsp;korelacija<\/li><li>nepotpuna negativna&nbsp;korelacija<\/li><li>odnos koeficijenta korelacije i kosinusa kuta izme\u0111u dvaju vektora<\/li><li>vektorski prikaz nulte korelacije<\/li><li>vektorski prikaz potpune pozitivne korelacije<\/li><li>vektorski prikaz potpune negativne korelacije<\/li><li>vektorski prikaz nepotpune pozitivne korelacije<\/li><li>vektorski prikaz nepotpune negativne korelacije<\/li><li>testiranje statisti\u010dke zna\u010dajnosti koeficijenta korelacije<\/li><li>odre\u0111ivanje broja stupnjeva slobode pri testiranju statisti\u010dke zna\u010dajnosti koeficijenta korelacije<\/li><li>utjecaj veli\u010dine uzorka na statisti\u010dku zna\u010dajnost koeficijenta korelacije<\/li><li>utjecaj veli\u010dine koeficijenta korelacije na pripadaju\u0107u statisti\u010dku zna\u010dajnost<\/li><\/ul>\n\n\n\n<h2>Literatura<\/h2>\n\n\n\n<ul><li>Predavanja:<a href=\"https:\/\/km.com.hr\/wp-content\/uploads\/2018\/04\/Kvantitativne_metode.pdf#page=162\"><strong><span class=\"has-inline-color has-vivid-cyan-blue-color\">&nbsp;Dizdar, D. (2006) Kvantitativne metode,&nbsp; str. 160-179.<\/span><\/strong><\/a><\/li><li>Vje\u017ebe:&nbsp;<a href=\"https:\/\/km.com.hr\/wp-content\/uploads\/2020\/04\/Priru%C4%8Dnik-za-Kvantitativne-metode.pdf#page=77\"><strong><span class=\"has-inline-color has-vivid-cyan-blue-color\">Pedi\u0161i\u0107, \u017d. Dizdar, D. (2009) Priru\u010dnik za kvantitativne metode, str. 80-91.<\/span><\/strong><\/a><\/li><\/ul>\n<div class=\"pvc_clear\"><\/div><p class=\"pvc_stats all \" data-element-id=\"2198\" style=\"\"><i class=\"pvc-stats-icon medium\" aria-hidden=\"true\"><svg aria-hidden=\"true\" focusable=\"false\" data-prefix=\"far\" data-icon=\"chart-bar\" role=\"img\" xmlns=\"http:\/\/www.w3.org\/2000\/svg\" viewBox=\"0 0 512 512\" class=\"svg-inline--fa fa-chart-bar fa-w-16 fa-2x\"><path fill=\"currentColor\" d=\"M396.8 352h22.4c6.4 0 12.8-6.4 12.8-12.8V108.8c0-6.4-6.4-12.8-12.8-12.8h-22.4c-6.4 0-12.8 6.4-12.8 12.8v230.4c0 6.4 6.4 12.8 12.8 12.8zm-192 0h22.4c6.4 0 12.8-6.4 12.8-12.8V140.8c0-6.4-6.4-12.8-12.8-12.8h-22.4c-6.4 0-12.8 6.4-12.8 12.8v198.4c0 6.4 6.4 12.8 12.8 12.8zm96 0h22.4c6.4 0 12.8-6.4 12.8-12.8V204.8c0-6.4-6.4-12.8-12.8-12.8h-22.4c-6.4 0-12.8 6.4-12.8 12.8v134.4c0 6.4 6.4 12.8 12.8 12.8zM496 400H48V80c0-8.84-7.16-16-16-16H16C7.16 64 0 71.16 0 80v336c0 17.67 14.33 32 32 32h464c8.84 0 16-7.16 16-16v-16c0-8.84-7.16-16-16-16zm-387.2-48h22.4c6.4 0 12.8-6.4 12.8-12.8v-70.4c0-6.4-6.4-12.8-12.8-12.8h-22.4c-6.4 0-12.8 6.4-12.8 12.8v70.4c0 6.4 6.4 12.8 12.8 12.8z\" class=\"\"><\/path><\/svg><\/i> &nbsp;4,942&nbsp;total views, &nbsp;1&nbsp;views today<\/p><div class=\"pvc_clear\"><\/div>","protected":false},"excerpt":{"rendered":"<p>Sadr\u017eaj teme Pearsonov produkt-moment koeficijent korelacije korelacijski dijagram potpuna pozitivna&nbsp;korelacija potpuna negativna&nbsp;korelacija nepotpuna pozitivna&nbsp;korelacija nepotpuna negativna&nbsp;korelacija odnos koeficijenta korelacije i kosinusa kuta izme\u0111u dvaju vektora vektorski prikaz nulte korelacije vektorski prikaz potpune pozitivne korelacije vektorski prikaz potpune negativne korelacije vektorski prikaz nepotpune pozitivne korelacije vektorski prikaz nepotpune negativne korelacije testiranje [&hellip;]<\/p>\n<div class=\"pvc_clear\"><\/div>\n<p class=\"pvc_stats all \" data-element-id=\"2198\" style=\"\"><i class=\"pvc-stats-icon medium\" aria-hidden=\"true\"><svg aria-hidden=\"true\" focusable=\"false\" data-prefix=\"far\" data-icon=\"chart-bar\" role=\"img\" xmlns=\"http:\/\/www.w3.org\/2000\/svg\" viewBox=\"0 0 512 512\" class=\"svg-inline--fa fa-chart-bar fa-w-16 fa-2x\"><path fill=\"currentColor\" d=\"M396.8 352h22.4c6.4 0 12.8-6.4 12.8-12.8V108.8c0-6.4-6.4-12.8-12.8-12.8h-22.4c-6.4 0-12.8 6.4-12.8 12.8v230.4c0 6.4 6.4 12.8 12.8 12.8zm-192 0h22.4c6.4 0 12.8-6.4 12.8-12.8V140.8c0-6.4-6.4-12.8-12.8-12.8h-22.4c-6.4 0-12.8 6.4-12.8 12.8v198.4c0 6.4 6.4 12.8 12.8 12.8zm96 0h22.4c6.4 0 12.8-6.4 12.8-12.8V204.8c0-6.4-6.4-12.8-12.8-12.8h-22.4c-6.4 0-12.8 6.4-12.8 12.8v134.4c0 6.4 6.4 12.8 12.8 12.8zM496 400H48V80c0-8.84-7.16-16-16-16H16C7.16 64 0 71.16 0 80v336c0 17.67 14.33 32 32 32h464c8.84 0 16-7.16 16-16v-16c0-8.84-7.16-16-16-16zm-387.2-48h22.4c6.4 0 12.8-6.4 12.8-12.8v-70.4c0-6.4-6.4-12.8-12.8-12.8h-22.4c-6.4 0-12.8 6.4-12.8 12.8v70.4c0 6.4 6.4 12.8 12.8 12.8z\" class=\"\"><\/path><\/svg><\/i> &nbsp;4,942&nbsp;total views, &nbsp;1&nbsp;views today<\/p>\n<div class=\"pvc_clear\"><\/div>\n","protected":false},"author":1,"featured_media":0,"parent":968,"menu_order":0,"comment_status":"closed","ping_status":"closed","template":"","meta":[],"_links":{"self":[{"href":"https:\/\/km.com.hr\/index.php?rest_route=\/wp\/v2\/pages\/2198"}],"collection":[{"href":"https:\/\/km.com.hr\/index.php?rest_route=\/wp\/v2\/pages"}],"about":[{"href":"https:\/\/km.com.hr\/index.php?rest_route=\/wp\/v2\/types\/page"}],"author":[{"embeddable":true,"href":"https:\/\/km.com.hr\/index.php?rest_route=\/wp\/v2\/users\/1"}],"replies":[{"embeddable":true,"href":"https:\/\/km.com.hr\/index.php?rest_route=%2Fwp%2Fv2%2Fcomments&post=2198"}],"version-history":[{"count":9,"href":"https:\/\/km.com.hr\/index.php?rest_route=\/wp\/v2\/pages\/2198\/revisions"}],"predecessor-version":[{"id":3264,"href":"https:\/\/km.com.hr\/index.php?rest_route=\/wp\/v2\/pages\/2198\/revisions\/3264"}],"up":[{"embeddable":true,"href":"https:\/\/km.com.hr\/index.php?rest_route=\/wp\/v2\/pages\/968"}],"wp:attachment":[{"href":"https:\/\/km.com.hr\/index.php?rest_route=%2Fwp%2Fv2%2Fmedia&parent=2198"}],"curies":[{"name":"wp","href":"https:\/\/api.w.org\/{rel}","templated":true}]}}