{"id":1694,"date":"2020-04-17T21:32:03","date_gmt":"2020-04-17T21:32:03","guid":{"rendered":"http:\/\/km.com.hr\/?page_id=1694"},"modified":"2022-01-10T12:08:22","modified_gmt":"2022-01-10T12:08:22","slug":"osnovni-postupci-za-uredivanje-i-prikazivanje-podataka","status":"publish","type":"page","link":"https:\/\/km.com.hr\/?page_id=1694","title":{"rendered":"Osnovni postupci za ure\u0111ivanje i prikazivanje podataka"},"content":{"rendered":"\n<figure class=\"wp-block-embed is-type-video is-provider-youtube wp-block-embed-youtube wp-embed-aspect-16-9 wp-has-aspect-ratio\"><div class=\"wp-block-embed__wrapper\">\n<iframe loading=\"lazy\" title=\"Osnovni postupci za ure\u0111ivanje i prikazivanje podataka\" width=\"640\" height=\"360\" src=\"https:\/\/www.youtube.com\/embed\/mHad4HQWZ8U?feature=oembed\" frameborder=\"0\" allow=\"accelerometer; autoplay; clipboard-write; encrypted-media; gyroscope; picture-in-picture\" allowfullscreen><\/iframe>\n<\/div><figcaption>Osnovni postupci za ure\u0111ivanje i prikazivanje podataka<\/figcaption><\/figure>\n\n\n\n<h2>Sadr\u017eaj teme<\/h2>\n\n\n\n<ul><li>Provjera ispravnosti podataka<\/li><li>Kodiranje podataka<\/li><li>Grupiranje kvalitativnih podataka<ul><li>frekvencija<\/li><li>relativna frekvencija<\/li><li>jednodimenzionalno grupiranje<\/li><li>vi\u0161edimenzionalno grupiranje<\/li><li>grafikon stupaca<\/li><li>strukturni krug<\/li><li>sortiranje entiteta<\/li><\/ul><\/li><li>Grupiranje kvantitativnih podataka<ul><li>interval razreda<\/li><li>kumulativna frekvencija<\/li><li>relativna kumulativna frekvencija<\/li><li>histogram frekvencija<\/li><li>poligon frekvencija<\/li><li>kumulativni poligon frekvencija<\/li><li>vi\u0161estruki poligon frekvencija<\/li><\/ul><\/li><\/ul>\n\n\n\n<h2>Literatura<\/h2>\n\n\n\n<ul><li>Predavanja:&nbsp;<strong><a href=\"https:\/\/km.com.hr\/wp-content\/uploads\/2018\/04\/Kvantitativne_metode.pdf#page=52\"><span class=\"has-inline-color has-vivid-cyan-blue-color\">Dizdar, D. (2006). Kvantitativne metode,&nbsp; str. 50-62.<\/span><\/a><\/strong><\/li><li>Vje\u017ebe:&nbsp;<a href=\"https:\/\/km.com.hr\/wp-content\/uploads\/2020\/04\/Priru%C4%8Dnik-za-Kvantitativne-metode.pdf#page=16\"><strong><span class=\"has-inline-color has-vivid-cyan-blue-color\">Pedi\u0161i\u0107, \u017d., Dizdar, D. (2009). Priru\u010dnik za kvantitativne metode, str. 17-28.<\/span><\/strong><\/a><\/li><\/ul>\n<div class=\"pvc_clear\"><\/div><p class=\"pvc_stats all \" data-element-id=\"1694\" style=\"\"><i class=\"pvc-stats-icon medium\" aria-hidden=\"true\"><svg aria-hidden=\"true\" focusable=\"false\" data-prefix=\"far\" data-icon=\"chart-bar\" role=\"img\" xmlns=\"http:\/\/www.w3.org\/2000\/svg\" viewBox=\"0 0 512 512\" class=\"svg-inline--fa fa-chart-bar fa-w-16 fa-2x\"><path fill=\"currentColor\" d=\"M396.8 352h22.4c6.4 0 12.8-6.4 12.8-12.8V108.8c0-6.4-6.4-12.8-12.8-12.8h-22.4c-6.4 0-12.8 6.4-12.8 12.8v230.4c0 6.4 6.4 12.8 12.8 12.8zm-192 0h22.4c6.4 0 12.8-6.4 12.8-12.8V140.8c0-6.4-6.4-12.8-12.8-12.8h-22.4c-6.4 0-12.8 6.4-12.8 12.8v198.4c0 6.4 6.4 12.8 12.8 12.8zm96 0h22.4c6.4 0 12.8-6.4 12.8-12.8V204.8c0-6.4-6.4-12.8-12.8-12.8h-22.4c-6.4 0-12.8 6.4-12.8 12.8v134.4c0 6.4 6.4 12.8 12.8 12.8zM496 400H48V80c0-8.84-7.16-16-16-16H16C7.16 64 0 71.16 0 80v336c0 17.67 14.33 32 32 32h464c8.84 0 16-7.16 16-16v-16c0-8.84-7.16-16-16-16zm-387.2-48h22.4c6.4 0 12.8-6.4 12.8-12.8v-70.4c0-6.4-6.4-12.8-12.8-12.8h-22.4c-6.4 0-12.8 6.4-12.8 12.8v70.4c0 6.4 6.4 12.8 12.8 12.8z\" class=\"\"><\/path><\/svg><\/i> &nbsp;6,160&nbsp;total views, &nbsp;1&nbsp;views today<\/p><div class=\"pvc_clear\"><\/div>","protected":false},"excerpt":{"rendered":"<p>Sadr\u017eaj teme Provjera ispravnosti podataka Kodiranje podataka Grupiranje kvalitativnih podataka frekvencija relativna frekvencija jednodimenzionalno grupiranje vi\u0161edimenzionalno grupiranje grafikon stupaca strukturni krug sortiranje entiteta Grupiranje kvantitativnih podataka interval razreda kumulativna frekvencija relativna kumulativna frekvencija histogram frekvencija poligon frekvencija kumulativni poligon frekvencija vi\u0161estruki poligon frekvencija Literatura Predavanja:&nbsp;Dizdar, D. (2006). Kvantitativne metode,&nbsp; str. [&hellip;]<\/p>\n<div class=\"pvc_clear\"><\/div>\n<p class=\"pvc_stats all \" data-element-id=\"1694\" style=\"\"><i class=\"pvc-stats-icon medium\" aria-hidden=\"true\"><svg aria-hidden=\"true\" focusable=\"false\" data-prefix=\"far\" data-icon=\"chart-bar\" role=\"img\" xmlns=\"http:\/\/www.w3.org\/2000\/svg\" viewBox=\"0 0 512 512\" class=\"svg-inline--fa fa-chart-bar fa-w-16 fa-2x\"><path fill=\"currentColor\" d=\"M396.8 352h22.4c6.4 0 12.8-6.4 12.8-12.8V108.8c0-6.4-6.4-12.8-12.8-12.8h-22.4c-6.4 0-12.8 6.4-12.8 12.8v230.4c0 6.4 6.4 12.8 12.8 12.8zm-192 0h22.4c6.4 0 12.8-6.4 12.8-12.8V140.8c0-6.4-6.4-12.8-12.8-12.8h-22.4c-6.4 0-12.8 6.4-12.8 12.8v198.4c0 6.4 6.4 12.8 12.8 12.8zm96 0h22.4c6.4 0 12.8-6.4 12.8-12.8V204.8c0-6.4-6.4-12.8-12.8-12.8h-22.4c-6.4 0-12.8 6.4-12.8 12.8v134.4c0 6.4 6.4 12.8 12.8 12.8zM496 400H48V80c0-8.84-7.16-16-16-16H16C7.16 64 0 71.16 0 80v336c0 17.67 14.33 32 32 32h464c8.84 0 16-7.16 16-16v-16c0-8.84-7.16-16-16-16zm-387.2-48h22.4c6.4 0 12.8-6.4 12.8-12.8v-70.4c0-6.4-6.4-12.8-12.8-12.8h-22.4c-6.4 0-12.8 6.4-12.8 12.8v70.4c0 6.4 6.4 12.8 12.8 12.8z\" class=\"\"><\/path><\/svg><\/i> &nbsp;6,160&nbsp;total views, &nbsp;1&nbsp;views today<\/p>\n<div class=\"pvc_clear\"><\/div>\n","protected":false},"author":1,"featured_media":1735,"parent":968,"menu_order":0,"comment_status":"closed","ping_status":"closed","template":"","meta":[],"_links":{"self":[{"href":"https:\/\/km.com.hr\/index.php?rest_route=\/wp\/v2\/pages\/1694"}],"collection":[{"href":"https:\/\/km.com.hr\/index.php?rest_route=\/wp\/v2\/pages"}],"about":[{"href":"https:\/\/km.com.hr\/index.php?rest_route=\/wp\/v2\/types\/page"}],"author":[{"embeddable":true,"href":"https:\/\/km.com.hr\/index.php?rest_route=\/wp\/v2\/users\/1"}],"replies":[{"embeddable":true,"href":"https:\/\/km.com.hr\/index.php?rest_route=%2Fwp%2Fv2%2Fcomments&post=1694"}],"version-history":[{"count":19,"href":"https:\/\/km.com.hr\/index.php?rest_route=\/wp\/v2\/pages\/1694\/revisions"}],"predecessor-version":[{"id":3257,"href":"https:\/\/km.com.hr\/index.php?rest_route=\/wp\/v2\/pages\/1694\/revisions\/3257"}],"up":[{"embeddable":true,"href":"https:\/\/km.com.hr\/index.php?rest_route=\/wp\/v2\/pages\/968"}],"wp:featuredmedia":[{"embeddable":true,"href":"https:\/\/km.com.hr\/index.php?rest_route=\/wp\/v2\/media\/1735"}],"wp:attachment":[{"href":"https:\/\/km.com.hr\/index.php?rest_route=%2Fwp%2Fv2%2Fmedia&parent=1694"}],"curies":[{"name":"wp","href":"https:\/\/api.w.org\/{rel}","templated":true}]}}