{"id":1092,"date":"2020-04-02T21:09:40","date_gmt":"2020-04-02T21:09:40","guid":{"rendered":"http:\/\/km.com.hr\/?page_id=1092"},"modified":"2020-05-13T17:02:33","modified_gmt":"2020-05-13T17:02:33","slug":"udzbenik-za-kvantitativne-metode","status":"publish","type":"page","link":"https:\/\/km.com.hr\/?page_id=1092","title":{"rendered":"Ud\u017ebenik za kvantitativne metode"},"content":{"rendered":"<figure id=\"attachment_1394\" aria-describedby=\"caption-attachment-1394\" style=\"width: 300px\" class=\"wp-caption alignleft\"><a href=\"https:\/\/km.com.hr\/wp-content\/uploads\/2018\/04\/Kvantitativne_metode.pdf\" target=\"_blank\" rel=\"noopener noreferrer\"><img loading=\"lazy\" class=\"wp-image-1394\" src=\"https:\/\/km.com.hr\/wp-content\/uploads\/2020\/04\/Ud\u017ebenik-KM.jpg\" alt=\"\" width=\"300\" height=\"430\"><\/a><figcaption id=\"caption-attachment-1394\" class=\"wp-caption-text\">Klikni na sliku!<\/figcaption><\/figure>\n<p><span style=\"font-size: inherit;\">Osnovna je namjena ove knjige da poslu\u017ei kao ud\u017ebenik za predmet Kvantitativne metode studentima Kineziolo\u0161kog fakulteta Sveu\u010dili\u0161ta u Zagrebu, ali i studentima ostalih fakulteta koji u svom studijskom programu imaju metode opisane u ovoj knjizi.<\/span><\/p>\n<p>Knjiga se sastoji od \u010detiri poglavlja.<\/p>\n<p>U prvome su poglavlju obra\u0111eni osnovni elementi matri\u010dne algebre koji su potrebni za lak\u0161i opis, obja\u0161njenje i razumijevanje pojedinih dijelova gradiva, osobito multivarijatnih metoda.<\/p>\n<p>U drugom poglavlju opisani su osnovni statisti\u010dki pojmovi, metode i postupci za ure\u0111ivanje i grafi\u010dko prikazivanje podataka, potom deskriptivni parametri, teoretske distribucije, KS-test za testiranje normaliteta distribucije, standardizacija podataka, procjena aritmeti\u010dke sredine populacije, t-test, univarijatna analiza varijance i korelacijska analiza.<\/p>\n<p>Osnove multivarijatnih metoda (regresijska analiza, komponentni model faktorske analize, kanoni\u010dka analiza i diskriminacijska analiza) opisane su u tre\u0107em pogalavlju.<\/p>\n<p>\u010cetvrto poglavlje posve\u0107eno je osnovama kineziometrije u okviru kojega su opisani osnovni kineziometrijski pojmovi, konstrukcija mjernih instrumenata i metrijske karakteristike (pouzdanost, objektivnost, homogenost,&nbsp; osjetljivosti i valjanost).<\/p>\n<p>Iskreno se nadamo da \u0107e knjiga pomo\u0107i studentima diplomskog i poslijediplomskog sveu\u010dili\u0161nog studija kineziologije u svladavanju osnova kvantitativnih metoda za analizu podataka te im tako poslu\u017eiti kao \u201codsko\u010dna daska\u201d za postizanje vi\u0161e razine metodolo\u0161ke naobrazbe, a time i kvalitete znanstveno-istra\u017eiva\u010dkoga rada na podru\u010dju kineziologije.<\/p>\n<div class=\"pvc_clear\"><\/div>\n<p class=\"pvc_stats all \" data-element-id=\"1092\" style=\"\"><i class=\"pvc-stats-icon medium\" aria-hidden=\"true\"><svg aria-hidden=\"true\" focusable=\"false\" data-prefix=\"far\" data-icon=\"chart-bar\" role=\"img\" xmlns=\"http:\/\/www.w3.org\/2000\/svg\" viewBox=\"0 0 512 512\" class=\"svg-inline--fa fa-chart-bar fa-w-16 fa-2x\"><path fill=\"currentColor\" d=\"M396.8 352h22.4c6.4 0 12.8-6.4 12.8-12.8V108.8c0-6.4-6.4-12.8-12.8-12.8h-22.4c-6.4 0-12.8 6.4-12.8 12.8v230.4c0 6.4 6.4 12.8 12.8 12.8zm-192 0h22.4c6.4 0 12.8-6.4 12.8-12.8V140.8c0-6.4-6.4-12.8-12.8-12.8h-22.4c-6.4 0-12.8 6.4-12.8 12.8v198.4c0 6.4 6.4 12.8 12.8 12.8zm96 0h22.4c6.4 0 12.8-6.4 12.8-12.8V204.8c0-6.4-6.4-12.8-12.8-12.8h-22.4c-6.4 0-12.8 6.4-12.8 12.8v134.4c0 6.4 6.4 12.8 12.8 12.8zM496 400H48V80c0-8.84-7.16-16-16-16H16C7.16 64 0 71.16 0 80v336c0 17.67 14.33 32 32 32h464c8.84 0 16-7.16 16-16v-16c0-8.84-7.16-16-16-16zm-387.2-48h22.4c6.4 0 12.8-6.4 12.8-12.8v-70.4c0-6.4-6.4-12.8-12.8-12.8h-22.4c-6.4 0-12.8 6.4-12.8 12.8v70.4c0 6.4 6.4 12.8 12.8 12.8z\" class=\"\"><\/path><\/svg><\/i> &nbsp;9,280&nbsp;total views, &nbsp;2&nbsp;views today<\/p>\n<div class=\"pvc_clear\"><\/div>\n","protected":false},"excerpt":{"rendered":"<p>Osnovna je namjena ove knjige da poslu\u017ei kao ud\u017ebenik za predmet Kvantitativne metode studentima Kineziolo\u0161kog fakulteta Sveu\u010dili\u0161ta u Zagrebu, ali i studentima ostalih fakulteta koji u svom studijskom programu imaju metode opisane u ovoj knjizi. Knjiga se sastoji od \u010detiri poglavlja. U prvome su poglavlju obra\u0111eni osnovni elementi matri\u010dne algebre [&hellip;]<\/p>\n<div class=\"pvc_clear\"><\/div>\n<p class=\"pvc_stats all \" data-element-id=\"1092\" style=\"\"><i class=\"pvc-stats-icon medium\" aria-hidden=\"true\"><svg aria-hidden=\"true\" focusable=\"false\" data-prefix=\"far\" data-icon=\"chart-bar\" role=\"img\" xmlns=\"http:\/\/www.w3.org\/2000\/svg\" viewBox=\"0 0 512 512\" class=\"svg-inline--fa fa-chart-bar fa-w-16 fa-2x\"><path fill=\"currentColor\" d=\"M396.8 352h22.4c6.4 0 12.8-6.4 12.8-12.8V108.8c0-6.4-6.4-12.8-12.8-12.8h-22.4c-6.4 0-12.8 6.4-12.8 12.8v230.4c0 6.4 6.4 12.8 12.8 12.8zm-192 0h22.4c6.4 0 12.8-6.4 12.8-12.8V140.8c0-6.4-6.4-12.8-12.8-12.8h-22.4c-6.4 0-12.8 6.4-12.8 12.8v198.4c0 6.4 6.4 12.8 12.8 12.8zm96 0h22.4c6.4 0 12.8-6.4 12.8-12.8V204.8c0-6.4-6.4-12.8-12.8-12.8h-22.4c-6.4 0-12.8 6.4-12.8 12.8v134.4c0 6.4 6.4 12.8 12.8 12.8zM496 400H48V80c0-8.84-7.16-16-16-16H16C7.16 64 0 71.16 0 80v336c0 17.67 14.33 32 32 32h464c8.84 0 16-7.16 16-16v-16c0-8.84-7.16-16-16-16zm-387.2-48h22.4c6.4 0 12.8-6.4 12.8-12.8v-70.4c0-6.4-6.4-12.8-12.8-12.8h-22.4c-6.4 0-12.8 6.4-12.8 12.8v70.4c0 6.4 6.4 12.8 12.8 12.8z\" class=\"\"><\/path><\/svg><\/i> &nbsp;9,280&nbsp;total views, &nbsp;2&nbsp;views today<\/p>\n<div class=\"pvc_clear\"><\/div>\n","protected":false},"author":1,"featured_media":1905,"parent":0,"menu_order":0,"comment_status":"closed","ping_status":"closed","template":"","meta":[],"_links":{"self":[{"href":"https:\/\/km.com.hr\/index.php?rest_route=\/wp\/v2\/pages\/1092"}],"collection":[{"href":"https:\/\/km.com.hr\/index.php?rest_route=\/wp\/v2\/pages"}],"about":[{"href":"https:\/\/km.com.hr\/index.php?rest_route=\/wp\/v2\/types\/page"}],"author":[{"embeddable":true,"href":"https:\/\/km.com.hr\/index.php?rest_route=\/wp\/v2\/users\/1"}],"replies":[{"embeddable":true,"href":"https:\/\/km.com.hr\/index.php?rest_route=%2Fwp%2Fv2%2Fcomments&post=1092"}],"version-history":[{"count":21,"href":"https:\/\/km.com.hr\/index.php?rest_route=\/wp\/v2\/pages\/1092\/revisions"}],"predecessor-version":[{"id":2658,"href":"https:\/\/km.com.hr\/index.php?rest_route=\/wp\/v2\/pages\/1092\/revisions\/2658"}],"wp:featuredmedia":[{"embeddable":true,"href":"https:\/\/km.com.hr\/index.php?rest_route=\/wp\/v2\/media\/1905"}],"wp:attachment":[{"href":"https:\/\/km.com.hr\/index.php?rest_route=%2Fwp%2Fv2%2Fmedia&parent=1092"}],"curies":[{"name":"wp","href":"https:\/\/api.w.org\/{rel}","templated":true}]}}